{"id":2651,"date":"2020-01-13T03:14:31","date_gmt":"2020-01-13T03:14:31","guid":{"rendered":"https:\/\/tanadaithanh.vn\/giai-phap-nuoc\/?page_id=2651"},"modified":"2025-11-15T11:00:26","modified_gmt":"2025-11-15T04:00:26","slug":"gioi-thieu","status":"publish","type":"page","link":"https:\/\/tanadaithanh.vn\/giai-phap-nuoc\/gioi-thieu\/","title":{"rendered":"Gi\u1edbi thi\u1ec7u"},"content":{"rendered":"<p>[vc_row el_class=&#8221;gthieu-pvcsv-wrapper&#8221; css=&#8221;.vc_custom_1592470803133{margin-bottom: 64px !important;}&#8221;][vc_column width=&#8221;3\/4&#8243; offset=&#8221;vc_col-lg-offset-0&#8243;][vc_custom_heading text=&#8221;Gi\u1ea3i ph\u00e1p n\u01b0\u1edbc&#8221; font_container=&#8221;tag:h1|font_size:52px|text_align:center|color:%23be1e2d|line_height:66px&#8221; font_weight=&#8221;500&#8243; letter_spacing=&#8221;-0.02em&#8221; css=&#8221;.vc_custom_1763179117268{margin-top: 20px !important;margin-bottom: 25px !important;}&#8221;][vc_custom_heading text=&#8221;V\u1edbi m\u1ee5c ti\u00eau cung c\u1ea5p \u0111\u1ebfn th\u1ecb tr\u01b0\u1eddng nh\u1eefng s\u1ea3n ph\u1ea9m gi\u00fap n\u00e2ng cao ch\u1ea5t l\u01b0\u1ee3ng ngu\u1ed3n n\u01b0\u1edbc, ph\u1ee5c v\u1ee5 nhu c\u1ea7u thi\u1ebft y\u1ebfu c\u1ee7a cu\u1ed9c s\u1ed1ng, T\u1eadp \u0111o\u00e0n T\u00e2n \u00c1 \u0110\u1ea1i Th\u00e0nh \u0111\u00e3 ph\u00e1t tri\u1ec3n v\u00e0 ho\u00e0n thi\u1ec7n c\u00e1c d\u00f2ng s\u1ea3n ph\u1ea9m ti\u1ec7n \u00edch nh\u01b0 b\u00ecnh n\u01b0\u1edbc n\u00f3ng, sen v\u00f2i , m\u00e1y l\u1ecdc n\u01b0\u1edbc RO\u2026 \u0110\u00e2y l\u00e0 m\u1ed9t trong nh\u1eefng ng\u00e0nh h\u00e0ng ch\u1ee7 l\u1ef1c thi\u1ebft l\u1eadp n\u00ean b\u1ed9 gi\u1ea3i ph\u00e1p t\u1ed5ng th\u1ec3 v\u1ec1 ngu\u1ed3n n\u01b0\u1edbc, g\u00f3p ph\u1ea7n n\u00e2ng cao gi\u00e1 tr\u1ecb th\u01b0\u01a1ng hi\u1ec7u T\u00e2n \u00c1 \u0110\u1ea1i Th\u00e0nh.<\/p>\n<p>Trong su\u1ed1t qu\u00e1 tr\u00ecnh ph\u00e1t tri\u1ec3n, c\u00e1c s\u1ea3n ph\u1ea9m Gi\u1ea3i ph\u00e1p n\u01b0\u1edbc c\u1ee7a T\u1eadp \u0111o\u00e0n T\u00e2n \u00c1 \u0110\u1ea1i Th\u00e0nh \u0111\u01b0\u1ee3c ng\u01b0\u1eddi ti\u00eau d\u00f9ng \u0111\u00e1nh gi\u00e1 cao b\u1edfi ch\u1ea5t l\u01b0\u1ee3ng t\u1ed1t, ki\u1ec3u d\u00e1ng \u0111a d\u1ea1ng, gi\u00e1 th\u00e0nh h\u1ee3p l\u00fd, d\u1ecbch v\u1ee5 tr\u01b0\u1edbc v\u00e0 sau b\u00e1n h\u00e0ng ho\u00e0n h\u1ea3o. Kh\u00f4ng ch\u1ec9 \u0111\u00e1p \u1ee9ng nhu c\u1ea7u trong n\u01b0\u1edbc, T\u00e2n \u00c1 \u0110\u1ea1i Th\u00e0nh c\u00f2n l\u00e0 doanh nghi\u1ec7p Vi\u1ec7t Nam ti\u00eau bi\u1ec3u cung \u1ee9ng c\u00e1c s\u1ea3n ph\u1ea9m ra th\u1ecb tr\u01b0\u1eddng qu\u1ed1c t\u1ebf nh\u01b0 Ch\u00e2u \u00c1, Ch\u00e2u \u00c2u, B\u1eafc M\u1ef9\u2026<\/p>\n<p>T\u1eadp \u0111o\u00e0n T\u00e2n \u00c1 \u0110\u1ea1i Th\u00e0nh c\u0169ng l\u00e0 \u0111\u01a1n v\u1ecb ti\u00ean phong \u1ee9ng d\u1ee5ng d\u00e2y chuy\u1ec1n c\u00f4ng ngh\u1ec7 ti\u00ean ti\u1ebfn tr\u00ean th\u1ebf gi\u1edbi v\u00e0o s\u1ea3n xu\u1ea5t, li\u00ean t\u1ee5c \u0111\u1ea7u t\u01b0 nghi\u00ean c\u1ee9u \u0111\u1ec3 n\u00e2ng cao ch\u1ea5t l\u01b0\u1ee3ng s\u1ea3n ph\u1ea9m. Trong \u0111\u00f3, nh\u00e0 m\u00e1y T\u00e2n \u00c1 \u0110\u1ea1i Th\u00e0nh t\u1ea1i H\u00e0 Nam \u0111\u01b0\u1ee3c x\u00e2y d\u1ef1ng theo m\u00f4 h\u00ecnh &#8216;Smart Factory&#8217; v\u1edbi d\u00e2y chuy\u1ec1n t\u1ef1 \u0111\u1ed9ng h\u00f3a ch\u00ednh x\u00e1c theo ti\u00eau chu\u1ea9n 4.0, h\u1ec7 th\u1ed1ng m\u00e1y m\u00f3c c\u00f4ng ngh\u1ec7 hi\u1ec7n \u0111\u1ea1i \u0111\u01b0\u1ee3c nh\u1eadp kh\u1ea9u t\u1eeb Italy v\u00e0 c\u00e1c n\u01b0\u1edbc G7, c\u00f4ng su\u1ea5t l\u00ean t\u1edbi h\u01a1n 2 tri\u1ec7u s\u1ea3n ph\u1ea9m\/n\u0103m. \u0110\u00e2y c\u00f3 th\u1ec3 coi l\u00e0 nh\u00e0 m\u00e1y c\u00f3 quy m\u00f4 t\u1ea7m c\u1ee1 khu v\u1ef1c, \u0111\u1ed3ng th\u1eddi l\u00e0 nh\u00e0 m\u00e1y s\u1ea3n xu\u1ea5t b\u00ecnh n\u01b0\u1edbc n\u00f3ng l\u1edbn nh\u1ea5t \u0110\u00f4ng Nam \u00c1.<\/p>\n<p>Hi\u1ec7n t\u1ea1i, s\u1ea3n ph\u1ea9m b\u00ecnh n\u01b0\u1edbc n\u00f3ng c\u1ee7a T\u00e2n \u00c1 \u0110\u1ea1i Th\u00e0nh \u0111ang chi\u1ebfm gi\u1eef ng\u00f4i v\u1ecb Th\u1ecb ph\u1ea7n s\u1ed1 1 Vi\u1ec7t Nam, \u0111\u1ed3ng th\u1eddi, c\u00e1c s\u1ea3n ph\u1ea9m sen v\u00f2i, m\u00e1y l\u1ecdc n\u01b0\u1edbc RO&#8230; c\u1ee7a T\u00e2n \u00c1 \u0110\u1ea1i Th\u00e0nh trong nhi\u1ec1u n\u0103m li\u1ec1n \u0111\u1ec1u \u0111\u01b0\u1ee3c ng\u01b0\u1eddi ti\u00eau d\u00f9ng tin t\u01b0\u1edfng b\u00ecnh ch\u1ecdn l\u00e0 \u201cH\u00e0ng Vi\u1ec7t Nam ch\u1ea5t l\u01b0\u1ee3ng cao\u201d, \u0111\u1ea1t gi\u1ea3i th\u01b0\u1edfng &#8220;Sao V\u00e0ng \u0110\u1ea5t Vi\u1ec7t&#8220;, \u0111\u1ea1t &#8220;Huy ch\u01b0\u01a1ng V\u00e0ng&#8220; t\u1ea1i c\u00e1c k\u1ef3 H\u1ed9i ch\u1ee3 Qu\u1ed1c t\u1ebf H\u00e0ng c\u00f4ng nghi\u1ec7p Vi\u1ec7t Nam, gi\u1ea3i th\u01b0\u1edfng &#8220;Ch\u1ea5t l\u01b0\u1ee3ng Ch\u00e2u \u00c1 &#8211; Th\u00e1i B\u00ecnh D\u01b0\u01a1ng&#8220; v\u00e0 vinh d\u1ef1 \u0111\u01b0\u1ee3c nh\u1eadn \u201cB\u1eb1ng khen c\u1ee7a Th\u1ee7 t\u01b0\u1edbng Ch\u00ednh ph\u1ee7\u201d, \u201cHu\u00e2n ch\u01b0\u01a1ng lao \u0111\u1ed9ng h\u1ea1ng Nh\u1ea5t\u201d do Ch\u1ee7 t\u1ecbch n\u01b0\u1edbc trao t\u1eb7ng.<\/p>\n<p>V\u1edbi uy t\u00edn v\u00e0 ti\u1ec1m l\u1ef1c c\u1ee7a m\u00ecnh, T\u00e2n \u00c1 \u0110\u1ea1i Th\u00e0nh \u0111\u00e3 \u0111\u01b0\u1ee3c c\u00e1c c\u01a1 quan, ban ng\u00e0nh nh\u01b0 B\u1ed9 C\u00f4ng th\u01b0\u01a1ng, B\u1ed9 T\u00e0i nguy\u00ean v\u00e0 M\u00f4i tr\u01b0\u1eddng, T\u1eadp \u0111o\u00e0n \u0110i\u1ec7n l\u1ef1c Vi\u1ec7t Nam\u2026 l\u1ef1a ch\u1ecdn l\u00e0 \u0111\u1ed1i t\u00e1c chi\u1ebfn l\u01b0\u1ee3c, nh\u00e0 cung c\u1ea5p ch\u00ednh th\u1ee9c cung c\u1ea5p c\u00e1c s\u1ea3n ph\u1ea9m, thi\u1ebft b\u1ecb ng\u00e0nh n\u01b0\u1edbc cho c\u00e1c d\u1ef1 \u00e1n l\u1edbn.<\/p>\n<p>Trong th\u1eddi gian t\u1edbi, t\u1eadp \u0111o\u00e0n T\u00e2n \u00c1 \u0110\u1ea1i Th\u00e0nh s\u1ebd kh\u00f4ng ng\u1eebng t\u0103ng c\u01b0\u1eddng \u0111\u1ea7u t\u01b0, nghi\u00ean c\u1ee9u, ho\u00e0n thi\u1ec7n, thi\u1ebft k\u1ebf nhi\u1ec1u m\u1eabu m\u00e3 s\u1ea3n ph\u1ea9m m\u1edbi \u0111\u1ec3 \u0111\u00e1p \u1ee9ng nhu c\u1ea7u c\u1ee7a kh\u00e1ch h\u00e0ng, \u0111\u1ed3ng th\u1eddi g\u1eafn m\u1ee5c ti\u00eau kinh t\u1ebf v\u1edbi ph\u00e1t tri\u1ec3n b\u1ec1n v\u1eefng, b\u1ea3o v\u1ec7 m\u00f4i tr\u01b0\u1eddng, g\u00f3p ph\u1ea7n mang s\u1ea3n ph\u1ea9m, th\u01b0\u01a1ng hi\u1ec7u Vi\u1ec7t Nam v\u01b0\u01a1n t\u1ea7m qu\u1ed1c t\u1ebf.&#8221; font_container=&#8221;tag:div|font_size:18px|text_align:justify|color:%23111111|line_height:28px&#8221;][\/vc_column][\/vc_row][vc_row][vc_column]\n                <div class=\"porfolio-cat-list layout_3 _wrapper\"  id=\"sp_gioi_thieu_page_wrapper\">\n                    <div class=\"swiper-container san_pham_tieu_bieu \" id=\"sp_gioi_thieu_page\">\n                        <div class=\"swiper-wrapper\">\n                            \n                    <div class=\"swiper-slide\">\n                        <div class=\"portfolio-item-wrapper\">\n                            <a href=\"https:\/\/tanadaithanh.vn\/giai-phap-nuoc\/danh-muc\/binh-nuoc-nong\/\">\n                                <div class=\"pitem-image\"><img src=\"https:\/\/tanadaithanh.vn\/giai-phap-nuoc\/wp-content\/uploads\/sites\/5\/2025\/09\/Di-02.1-1.png\" alt=\"\"  \/><\/div>\n                                <div class=\"pitem-title\">B\u00ecnh n\u01b0\u1edbc n\u00f3ng<\/div>\n                                <div class=\"pitem-desc\">C\u00f3 th\u1ecb ph\u1ea7n s\u1ed1 1 t\u1ea1i Vi\u1ec7t Nam, v\u1edbi c\u00f4ng ngh\u1ec7 v\u00e0 m\u00e1y m\u00f3c nh\u1eadp kh\u1ea9u \u0111\u1ed3ng b\u1ed9 t\u1eeb \u00dd v\u00e0 G7, \u0111\u1ea1t ti\u00eau chu\u1ea9n ch\u00e2u \u00c2u v\u1edbi ti\u1ec7n \u00edch v\u00e0 t\u00ednh n\u0103ng \u01b0u vi\u1ec7t<\/div>\n                                \n                            <\/a>\n                        <\/div>\n                        <a href=\"https:\/\/tanadaithanh.vn\/giai-phap-nuoc\/danh-muc\/binh-nuoc-nong\/\" class=\"hover-info-bck hidden\">\n                            <div class=\"plus-icon\">Read more<\/div>\n                        <\/a>\n                    <\/div>\n                \n                    <div class=\"swiper-slide\">\n                        <div class=\"portfolio-item-wrapper\">\n                            <a href=\"https:\/\/tanadaithanh.vn\/giai-phap-nuoc\/danh-muc\/may-loc-nuoc-ro\/\">\n                                <div class=\"pitem-image\"><img src=\"https:\/\/tanadaithanh.vn\/giai-phap-nuoc\/wp-content\/uploads\/sites\/5\/2025\/09\/RO-TADT-PLUS-2024-3-copy-01-800x800-1.png\" alt=\"\"  \/><\/div>\n                                <div class=\"pitem-title\">M\u00e1y l\u1ecdc n\u01b0\u1edbc<\/div>\n                                <div class=\"pitem-desc\">L\u00e0 s\u1ea3n ph\u1ea9m cao c\u1ea5p, h\u1ed9i t\u1ee5 nh\u1eefng k\u1ebft tinh c\u1ee7a c\u00f4ng ngh\u1ec7 h\u00e0ng \u0111\u1ea7u th\u1ebf gi\u1edbi, \u0111em l\u1ea1i ngu\u1ed3n n\u01b0\u1edbc s\u1ea1ch, gi\u00e0u kho\u00e1ng ch\u1ea5t cho c\u1ea3 gia \u0111\u00ecnh<\/div>\n                                \n                            <\/a>\n                        <\/div>\n                        <a href=\"https:\/\/tanadaithanh.vn\/giai-phap-nuoc\/danh-muc\/may-loc-nuoc-ro\/\" class=\"hover-info-bck hidden\">\n                            <div class=\"plus-icon\">Read more<\/div>\n                        <\/a>\n                    <\/div>\n                \n                    <div class=\"swiper-slide\">\n                        <div class=\"portfolio-item-wrapper\">\n                            <a href=\"https:\/\/tanadaithanh.vn\/giai-phap-nuoc\/danh-muc\/sen-voi\/\">\n                                <div class=\"pitem-image\"><img src=\"https:\/\/tanadaithanh.vn\/giai-phap-nuoc\/wp-content\/uploads\/sites\/5\/2025\/11\/Image_20250630151013.png\" alt=\"\"  \/><\/div>\n                                <div class=\"pitem-title\">Sen v\u00f2i<\/div>\n                                <div class=\"pitem-desc\">\u0110\u01b0\u1ee3c s\u1ea3n xu\u1ea5t tr\u00ean d\u00e2y chuy\u1ec1n nh\u1eadp ngo\u1ea1i cao c\u1ea5p theo ti\u00eau chu\u1ea9n ch\u00e2u \u00c2u, k\u1ebft h\u1ee3p v\u1edbi vi\u1ec7c s\u1eed d\u1ee5ng t\u1ed1i \u01b0u c\u00e1c v\u1eadt li\u1ec7u si\u00eau b\u1ec1n, t\u1ea1o s\u1ef1 tho\u1ea3i m\u00e1i, ti\u1ec7n l\u1ee3i khi s\u1eed d\u1ee5ng<\/div>\n                                \n                            <\/a>\n                        <\/div>\n                        <a href=\"https:\/\/tanadaithanh.vn\/giai-phap-nuoc\/danh-muc\/sen-voi\/\" class=\"hover-info-bck hidden\">\n                            <div class=\"plus-icon\">Read more<\/div>\n                        <\/a>\n                    <\/div>\n                \n                    <div class=\"swiper-slide\">\n                        <div class=\"portfolio-item-wrapper\">\n                            <a href=\"javascript:\/\/\">\n                                <div class=\"pitem-image\"><img src=\"https:\/\/tanadaithanh.vn\/giai-phap-nuoc\/wp-content\/uploads\/sites\/5\/2025\/09\/Rossi-Comfort-2-chinh-dien-.png\" alt=\"\"  \/><\/div>\n                                <div class=\"pitem-title\">M\u00e1y s\u1ea5y kh\u0103n th\u00f4ng minh<\/div>\n                                <div class=\"pitem-desc\">M\u00e1y s\u1ea5y kh\u0103n th\u00f4ng minh \u0111i\u1ec1u khi\u1ec3n qua Wifi, gi\u00fap kh\u0103n t\u1eafm c\u1ee7a b\u1ea1n lu\u00f4n kh\u00f4 r\u00e1o, s\u1ea1ch s\u1ebd, b\u1ea3o v\u1ec7 s\u1ee9c kh\u1ecfe c\u1ee7a c\u1ea3 gia \u0111\u00ecnh<\/div>\n                                \n                            <\/a>\n                        <\/div>\n                        <a href=\"javascript:\/\/\" class=\"hover-info-bck hidden\">\n                            <div class=\"plus-icon\">Read more<\/div>\n                        <\/a>\n                    <\/div>\n                \n                    <div class=\"swiper-slide\">\n                        <div class=\"portfolio-item-wrapper\">\n                            <a href=\"javascript:\/\/\">\n                                <div class=\"pitem-image\"><img src=\"https:\/\/tanadaithanh.vn\/giai-phap-nuoc\/wp-content\/uploads\/sites\/5\/2025\/08\/SP-01.png\" alt=\"\"  \/><\/div>\n                                <div class=\"pitem-title\">B\u1ed9 s\u1ea3n ph\u1ea9m l\u00e0m n\u00f3ng nh\u00e0 t\u1eafm<\/div>\n                                <div class=\"pitem-desc\">Gi\u1ea3i ph\u00e1p c\u00f4ng ngh\u1ec7, ki\u1ebfn t\u1ea1o kh\u00f4ng gian t\u1eafm an to\u00e0n, \u0111\u1eb3ng c\u1ea5p m\u00e0 l\u00e0 c\u00e1ch b\u1ea1n n\u00e2ng t\u1ea7m tr\u1ea3i nghi\u1ec7m s\u1ed1ng l\u00ean chu\u1ea9n m\u1ef1c ti\u1ec7n nghi, th\u00f4ng minh, \u1ea5m \u00e1p m\u1ed7i ng\u00e0y<\/div>\n                                \n                            <\/a>\n                        <\/div>\n                        <a href=\"javascript:\/\/\" class=\"hover-info-bck hidden\">\n                            <div class=\"plus-icon\">Read more<\/div>\n                        <\/a>\n                    <\/div>\n                \n                        <\/div>\n                    <\/div>\n                    <!--<div class=\"lvhd-button-prev\"><\/div>\n                    <div class=\"lvhd-button-next\"><\/div>-->\n                <\/div><script type=\"application\/javascript\">\n                    (function ($) {\n                        $(document).ready(function () {\n                            var sp_gioi_thieu_page = new Swiper(\"#sp_gioi_thieu_page\", {\n                                slidesPerView: 4,\n                                spaceBetween: 20,\n                                navigation: {\n                                    nextEl: \"#sp_gioi_thieu_page_wrapper .lvhd-button-next\",\n                                    prevEl: \"#sp_gioi_thieu_page_wrapper .lvhd-button-prev\",\n                                },\n                                breakpoints: {\n                                    \/\/ when window width is >= 320px\n                                    320: {\n                                        slidesPerView: 1.5,\n                                        spaceBetween: 10\n                                    },\n                                    \/\/ when window width is >= 767px\n                                    767: {\n                                        slidesPerView: 2.7,\n                                        spaceBetween: 10,\n                                    },\n                                    \/\/ when window width is >= 991px\n                                    991: {\n                                        slidesPerView: 4,\n                                        spaceBetween: 20\n                                    }\n                                },\n                            });\n                            \n                            $(\".nav-item\").each(function(){\n                                $(this).click(function(){\n                                    setTimeout(function(){ \n                                        sp_gioi_thieu_page.update();\n                                    }, 100);\n                                    \n                                });\n                            });\n                            \n                        });\n                    })(jQuery);\n                <\/script>\n       \n        [\/vc_column][\/vc_row]<\/p>\n","protected":false},"excerpt":{"rendered":"<p>[vc_row el_class=&#8221;gthieu-pvcsv-wrapper&#8221; css=&#8221;.vc_custom_1592470803133{margin-bottom: 64px !important;}&#8221;][vc_column width=&#8221;3\/4&#8243; offset=&#8221;vc_col-lg-offset-0&#8243;][vc_custom_heading text=&#8221;Gi\u1ea3i ph\u00e1p n\u01b0\u1edbc&#8221; font_container=&#8221;tag:h1|font_size:52px|text_align:center|color:%23be1e2d|line_height:66px&#8221; font_weight=&#8221;500&#8243; letter_spacing=&#8221;-0.02em&#8221; css=&#8221;.vc_custom_1763179117268{margin-top: 20px !important;margin-bottom: 25px !important;}&#8221;][vc_custom_heading text=&#8221;V\u1edbi m\u1ee5c ti\u00eau cung c\u1ea5p \u0111\u1ebfn th\u1ecb tr\u01b0\u1eddng nh\u1eefng s\u1ea3n ph\u1ea9m gi\u00fap n\u00e2ng cao ch\u1ea5t l\u01b0\u1ee3ng ngu\u1ed3n n\u01b0\u1edbc, ph\u1ee5c v\u1ee5 nhu c\u1ea7u thi\u1ebft y\u1ebfu c\u1ee7a cu\u1ed9c s\u1ed1ng, T\u1eadp \u0111o\u00e0n T\u00e2n \u00c1 \u0110\u1ea1i Th\u00e0nh \u0111\u00e3 ph\u00e1t tri\u1ec3n v\u00e0 [&hellip;]<\/p>\n","protected":false},"author":1,"featured_media":3348,"parent":0,"menu_order":10,"comment_status":"closed","ping_status":"closed","template":"","meta":[],"lang":"vi","translations":{"vi":2651,"en":3593},"pll_sync_post":[],"_links":{"self":[{"href":"https:\/\/tanadaithanh.vn\/giai-phap-nuoc\/wp-json\/wp\/v2\/pages\/2651"}],"collection":[{"href":"https:\/\/tanadaithanh.vn\/giai-phap-nuoc\/wp-json\/wp\/v2\/pages"}],"about":[{"href":"https:\/\/tanadaithanh.vn\/giai-phap-nuoc\/wp-json\/wp\/v2\/types\/page"}],"author":[{"embeddable":true,"href":"https:\/\/tanadaithanh.vn\/giai-phap-nuoc\/wp-json\/wp\/v2\/users\/1"}],"replies":[{"embeddable":true,"href":"https:\/\/tanadaithanh.vn\/giai-phap-nuoc\/wp-json\/wp\/v2\/comments?post=2651"}],"version-history":[{"count":108,"href":"https:\/\/tanadaithanh.vn\/giai-phap-nuoc\/wp-json\/wp\/v2\/pages\/2651\/revisions"}],"predecessor-version":[{"id":21838,"href":"https:\/\/tanadaithanh.vn\/giai-phap-nuoc\/wp-json\/wp\/v2\/pages\/2651\/revisions\/21838"}],"wp:featuredmedia":[{"embeddable":true,"href":"https:\/\/tanadaithanh.vn\/giai-phap-nuoc\/wp-json\/wp\/v2\/media\/3348"}],"wp:attachment":[{"href":"https:\/\/tanadaithanh.vn\/giai-phap-nuoc\/wp-json\/wp\/v2\/media?parent=2651"}],"curies":[{"name":"wp","href":"https:\/\/api.w.org\/{rel}","templated":true}]}}