{"id":3603,"date":"2020-03-25T10:57:04","date_gmt":"2020-03-25T10:57:04","guid":{"rendered":"https:\/\/tanadaithanh.vn\/giai-phap-nuoc\/?page_id=3603"},"modified":"2020-03-26T05:53:57","modified_gmt":"2020-03-26T05:53:57","slug":"contact-us","status":"publish","type":"page","link":"https:\/\/tanadaithanh.vn\/giai-phap-nuoc\/en\/contact-us\/","title":{"rendered":"Contact Us"},"content":{"rendered":"<p>[vc_row full_width=&#8221;stretch_row_content_no_spaces&#8221; css=&#8221;.vc_custom_1583993442836{margin-bottom: 35px !important;}&#8221;][vc_column]<div id='wrap_map_69ec970377c37' class='porto-map-wrapper porto-adjust-bottom-margin ' style='height:600px;'><div id='map_69ec970377c37' data-map_override='0' class='porto_google_map wpb_content_element ' style='width:100%;height:600px;'><\/div><\/div><script>\n(function($) {\n\t'use strict';\n\tjQuery(document).ready(function($) {\n\t\tif (typeof google == 'undefined') {\n\t\t\treturn;\n\t\t}\n\t\tvar map_map_69ec970377c37 = null;\n\t\tvar coordinate_map_69ec970377c37;\n\t\ttry {\n\t\t\tcoordinate_map_69ec970377c37=new google.maps.LatLng(21.026747, 105.833232);\n\t\t\tvar isDraggable = $(document).width() > 640 ? true : true;\n\t\t\tvar mapOptions = {\n\t\t\t\tzoom: 16,\n\t\t\t\tcenter: coordinate_map_69ec970377c37,\n\t\t\t\tscaleControl: true,\n\t\t\t\tstreetViewControl: true,\n\t\t\t\tmapTypeControl: true,\n\t\t\t\tpanControl: true,\n\t\t\t\tzoomControl: true,\n\t\t\t\tscrollwheel: false,\n\t\t\t\tdraggable: isDraggable,\n\t\t\t\tzoomControlOptions: {\n\t\t\t\t\tposition: google.maps.ControlPosition.RIGHT_BOTTOM\n\t\t\t\t},mapTypeId: google.maps.MapTypeId.ROADMAP,};var map_map_69ec970377c37 = new google.maps.Map(document.getElementById('map_69ec970377c37'),mapOptions);\n\t\t\t\t\tvar x = 'off';\n\t\t\t\t\tvar marker_map_69ec970377c37 = new google.maps.Marker({\n\t\t\t\t\tposition: new google.maps.LatLng(21.026747, 105.833232),\n\t\t\t\t\tanimation:  google.maps.Animation.DROP,\n\t\t\t\t\tmap: map_map_69ec970377c37,\n\t\t\t\t\ticon: 'https:\/\/tanadaithanh.vn\/giai-phap-nuoc\/wp-content\/uploads\/sites\/5\/2020\/03\/pin-gmap.png'\n\t\t\t\t});\n\t\t\t\tgoogle.maps.event.addListener(marker_map_69ec970377c37, 'click', toggleBounce);var infowindow = new google.maps.InfoWindow();\n\t\t\t\t\t\tinfowindow.setContent('<div class=\"map_info_text\" style=\\'color:#000;\\'><div><img class=\"alignnone wp-image-3299 size-full\" src=\"https:\/\/tanadaithanh.vn\/giai-phap-nuoc\/wp-content\/uploads\/sites\/5\/2020\/03\/tru-so.jpg\" alt=\"\" width=\"333\" srcset=\"https:\/\/tanadaithanh.vn\/giai-phap-nuoc\/wp-content\/uploads\/sites\/5\/2020\/03\/tru-so.jpg 666w, https:\/\/tanadaithanh.vn\/giai-phap-nuoc\/wp-content\/uploads\/sites\/5\/2020\/03\/tru-so-640x229.jpg 640w, https:\/\/tanadaithanh.vn\/giai-phap-nuoc\/wp-content\/uploads\/sites\/5\/2020\/03\/tru-so-400x143.jpg 400w, https:\/\/tanadaithanh.vn\/giai-phap-nuoc\/wp-content\/uploads\/sites\/5\/2020\/03\/tru-so-367x131.jpg 367w\" sizes=\"(max-width: 666px) 100vw, 666px\" \/><\/div> <div style=\"margin-top: 12px; text-align: center; font-weight: normal; font-size: 16px; line-height: 20px; color: #1a1a1a;\">Tr\u1ee5 s\u1edf: 124 T\u00f4n \u0110\u1ee9c Th\u1eafng, \u0110\u1ed1ng \u0110a, H\u00e0 N\u1ed9i<\/div> <p><\/div>');infowindow.open(map_map_69ec970377c37,marker_map_69ec970377c37);google.maps.event.addListener(marker_map_69ec970377c37, 'click', function() {\n\t\t\t\t\t\t\tinfowindow.open(map_map_69ec970377c37,marker_map_69ec970377c37);\n\t\t\t\t\t\t});}\n\t\tcatch(e){};\n\t\tgoogle.maps.event.trigger(map_map_69ec970377c37, 'resize');\n\t\t$(window).resize(function(){\n\t\t\tgoogle.maps.event.trigger(map_map_69ec970377c37, 'resize');\n\t\t\tif(map_map_69ec970377c37!=null) {\n\t\t\t\tmap_map_69ec970377c37.setCenter(coordinate_map_69ec970377c37);\n\t\t\t}\n\t\t});\n\t\t$('.ui-tabs').bind('tabsactivate', function(event, ui) {\n\t\t   if($(this).find('.porto-map-wrapper').length > 0)\n\t\t\t{\n\t\t\t\tsetTimeout(function(){\n\t\t\t\t\t$(window).trigger('resize');\n\t\t\t\t},200);\n\t\t\t}\n\t\t});\n\t\t$('.ui-accordion').bind('accordionactivate', function(event, ui) {\n\t\t\tif($(this).find('.porto-map-wrapper').length > 0) {\n\t\t\t\tsetTimeout(function(){\n\t\t\t\t\t$(window).trigger('resize');\n\t\t\t\t},200);\n\t\t\t}\n\t\t});\n\t\t$(window).load(function() {\n\t\t\tsetTimeout(function() {\n\t\t\t\t$(window).trigger('resize');\n\t\t\t},200);\n\t\t});\n\t\t$(document).on('onPortoModalPopupOpen', function(){\n\t\t\tif($(map_map_69ec970377c37).parents('.porto_modal-content')) {\n\t\t\t\tsetTimeout(function(){\n\t\t\t\t\t$(window).trigger('resize');\n\t\t\t\t},200);\n\t\t\t}\n\t\t});\n\t\tfunction toggleBounce() {\n\t\t\tif (marker_map_69ec970377c37.getAnimation() != null) {\n\t\t\t\tmarker_map_69ec970377c37.setAnimation(null);\n\t\t\t} else {\n\t\t\t\tmarker_map_69ec970377c37.setAnimation(google.maps.Animation.BOUNCE);\n\t\t\t}\n\t\t}\n\t});\n})(jQuery);\n<\/script>[\/vc_column][\/vc_row][vc_row el_class=&#8221;contact-number-wrapper&#8221;][vc_column offset=&#8221;vc_col-lg-offset-1 vc_col-lg-10&#8243;][vc_custom_heading text=&#8221;T\u00c2N \u00c1 \u0110\u1ea0I TH\u00c0NH PH\u00cdA B\u1eaeC&#8221; font_container=&#8221;tag:h2|font_size:22px|text_align:left|color:%2300a0e3|line_height:28px&#8221; text_transform=&#8221;text-uppercase&#8221; font_weight=&#8221;600&#8243; css=&#8221;.vc_custom_1584365638393{margin-bottom: 20px !important;}&#8221;][vc_row_inner][vc_column_inner width=&#8221;1\/3&#8243;][vc_column_text]<strong>H\u1ec7 th\u1ed1ng ph\u00e2n ph\u1ed1i<\/strong><\/p>\n<p>\u00d4ng: Tr\u01b0\u01a1ng C\u00f4ng Phong<br \/>\nMobile: 0914.380.955 \u2013 0961.72.6666<br \/>\nEmail:\u00a0<a href=\"phong.tc@tanadaithanh.vn\">phong.tc@tanadaithanh.vn<\/a>[\/vc_column_text][\/vc_column_inner][vc_column_inner width=&#8221;1\/3&#8243;][vc_column_text]<strong>Ph\u00e2n ph\u1ed1i d\u1ef1 \u00e1n<\/strong><\/p>\n<p>\u00d4ng: \u0110inh Nh\u1eadt Long<br \/>\nMobile: 0911006996 &#8211; 0914905130<br \/>\nEmail:\u00a0<a href=\"long.dn@tanadaithanh.vn\">long.dn@tanadaithanh.vn<\/a>[\/vc_column_text][\/vc_column_inner][vc_column_inner width=&#8221;1\/3&#8243;][vc_column_text]<strong>Ban Tuy\u1ec3n D\u1ee5ng<\/strong><\/p>\n<p>T\u1eadp \u0110o\u00e0n T\u00e2n \u00c1 \u0110\u1ea1i Th\u00e0nh<br \/>\nTel: 0243.942.6688<br \/>\nEmail: <a href=\"mailto:tuyendung@tanadaithanh.vn\">tuyendung@tanadaithanh.vn<\/a>[\/vc_column_text][\/vc_column_inner][\/vc_row_inner][vc_row_inner css=&#8221;.vc_custom_1583203951709{margin-bottom: 50px !important;}&#8221;][vc_column_inner width=&#8221;1\/3&#8243;][vc_column_text]<strong>D\u1ecbch v\u1ee5 kh\u00e1ch h\u00e0ng ph\u00eda B\u1eafc<\/strong><\/p>\n<p>B\u00e0: V\u0169 Ph\u01b0\u01a1ng Loan<br \/>\nTel: 0243.643.5979<br \/>\nEmail: <a href=\"mailto:ttcskh@tanadaithanh.vn\">ttcskh@tanadaithanh.vn<\/a><br \/>\nHotline: <a href=\"tel:18006668\">1800 6668<\/a>[\/vc_column_text][\/vc_column_inner][vc_column_inner width=&#8221;1\/3&#8243;][vc_column_text]<strong>Showroom T\u00e2n \u00c1 \u0110\u1ea1i Th\u00e0nh<\/strong><\/p>\n<p>B\u00e0: Nguy\u1ec5n Th\u1ecb H\u1eb1ng Nga<br \/>\nMobile: 0913.03.39.19<br \/>\nEmail: <a href=\"mailto:nga.nth@tanadaithanh.vn\">nga.nth@tanadaithanh.vn<\/a>[\/vc_column_text][\/vc_column_inner][vc_column_inner width=&#8221;1\/3&#8243;][vc_column_text]<strong>L\u1ec5 T\u00e2n<\/strong><\/p>\n<p>Tel: 0243.687.7777<br \/>\nFax: 0243.687.2222[\/vc_column_text][\/vc_column_inner][\/vc_row_inner][vc_custom_heading text=&#8221;T\u00c2N \u00c1 \u0110\u1ea0I TH\u00c0NH MI\u1ec0N NAM&#8221; font_container=&#8221;tag:h2|font_size:22px|text_align:left|color:%2300a0e3|line_height:28px&#8221; text_transform=&#8221;text-uppercase&#8221; font_weight=&#8221;600&#8243; css=&#8221;.vc_custom_1584365645718{margin-bottom: 20px !important;}&#8221;][vc_row_inner css=&#8221;.vc_custom_1583184580777{margin-bottom: 30px !important;}&#8221;][vc_column_inner width=&#8221;1\/3&#8243;][vc_column_text]<strong>D\u1ecbch v\u1ee5 kh\u00e1ch h\u00e0ng ph\u00eda Nam<\/strong><\/p>\n<p>\u00d4ng: Nguy\u1ec5n V\u0103n S\u01a1n<br \/>\nMobile: 0909.441.696<br \/>\nFax: 0283.597.7606<br \/>\nEmail: <a href=\"mailto:son.nv@tanadaithanh.vn\">son.nv@tanadaithanh.vn<\/a>[\/vc_column_text][\/vc_column_inner][vc_column_inner width=&#8221;1\/3&#8243;][vc_column_text]<strong>B\u00e1n h\u00e0ng tr\u1ef1c tuy\u1ebfn mi\u1ec1n Trung<\/strong><\/p>\n<p>\u00d4ng: Phan Huy Chi\u1ebfn<br \/>\nMobile: 0936.438.999<br \/>\nTel: 0236.362.4568<br \/>\nFax: 0236.362.4568<br \/>\nEmail:\u00a0<a href=\"chien.ph@tanadaithanh.vn\">chien.ph@tanadaithanh.vn<\/a>[\/vc_column_text][\/vc_column_inner][vc_column_inner width=&#8221;1\/3&#8243;][vc_column_text]<strong>B\u00e1n h\u00e0ng tr\u1ef1c tuy\u1ebfn t\u1ea1i Mi\u1ec1n Nam<\/strong><\/p>\n<p>\u00d4ng: \u0110\u1ed7 Tr\u1ea7n Qu\u1ed1c Duy<br \/>\nMobile: 0946.999.111<br \/>\nTel: 0283.864.4730<br \/>\nFax: 0283.971.4338<br \/>\nEmail:\u00a0<a href=\"duy.dtq@tanadaithanh.vn\">duy.dtq@tanadaithanh.vn<\/a>[\/vc_column_text][\/vc_column_inner][\/vc_row_inner][\/vc_column][\/vc_row][vc_row wrap_container=&#8221;yes&#8221; el_class=&#8221;contact-form-wrapper&#8221;][vc_column offset=&#8221;vc_col-lg-offset-1 vc_col-lg-10 vc_col-md-offset-0 vc_col-md-12&#8243; css=&#8221;.vc_custom_1583205008892{padding-top: 68px !important;padding-right: 20px !important;padding-bottom: 58px !important;padding-left: 20px !important;background-color: #d9f1fb !important;border-radius: 20px !important;}&#8221; el_class=&#8221;contact-form-inner&#8221;][vc_custom_heading text=&#8221;LI\u00caN H\u1ec6 V\u1edaI T\u1eacP \u0110O\u00c0N T\u00c2N \u00c1 \u0110\u1ea0I TH\u00c0NH&#8221; font_container=&#8221;tag:div|font_size:22px|text_align:center|color:%2300a0e3|line_height:28px&#8221; text_transform=&#8221;text-uppercase&#8221; font_weight=&#8221;600&#8243; css=&#8221;.vc_custom_1583205925626{margin-bottom: 25px !important;}&#8221;]<div role=\"form\" class=\"wpcf7\" id=\"wpcf7-f3628-o1\" lang=\"en-US\" dir=\"ltr\">\n<div class=\"screen-reader-response\"><p role=\"status\" aria-live=\"polite\" aria-atomic=\"true\"><\/p> <ul><\/ul><\/div>\n<form action=\"\/giai-phap-nuoc\/wp-json\/wp\/v2\/pages\/3603#wpcf7-f3628-o1\" method=\"post\" class=\"wpcf7-form init\" novalidate=\"novalidate\" data-status=\"init\">\n<div style=\"display: none;\">\n<input type=\"hidden\" name=\"_wpcf7\" value=\"3628\" \/>\n<input type=\"hidden\" name=\"_wpcf7_version\" value=\"5.3.1\" \/>\n<input type=\"hidden\" name=\"_wpcf7_locale\" value=\"en_US\" \/>\n<input type=\"hidden\" name=\"_wpcf7_unit_tag\" value=\"wpcf7-f3628-o1\" \/>\n<input type=\"hidden\" name=\"_wpcf7_container_post\" value=\"0\" \/>\n<input type=\"hidden\" name=\"_wpcf7_posted_data_hash\" value=\"\" \/>\n<\/div>\n<div class=\"row form-row\">\n<div class=\"col-12\">\n<div class=\"form-group\">\n            <span class=\"wpcf7-form-control-wrap your-name\"><input type=\"text\" name=\"your-name\" value=\"\" size=\"40\" class=\"wpcf7-form-control wpcf7-text wpcf7-validates-as-required form-control\" id=\"contact-name\" aria-required=\"true\" aria-invalid=\"false\" placeholder=\"Your name (*)\" \/><\/span>\n        <\/div><\/div>\n<div class=\"col-12\">\n<div class=\"form-group\">\n            <span class=\"wpcf7-form-control-wrap so-dien-thoai\"><input type=\"text\" name=\"so-dien-thoai\" value=\"\" size=\"40\" class=\"wpcf7-form-control wpcf7-text form-control\" id=\"contact-subject\" aria-invalid=\"false\" placeholder=\"Phone number (*)\" \/><\/span>\n        <\/div><\/div>\n<div class=\"col-12\">\n<div class=\"form-group\">\n            <span class=\"wpcf7-form-control-wrap your-email\"><input type=\"email\" name=\"your-email\" value=\"\" size=\"40\" class=\"wpcf7-form-control wpcf7-text wpcf7-email wpcf7-validates-as-email form-control\" id=\"contact-email\" aria-invalid=\"false\" placeholder=\"Email\" \/><\/span>\n        <\/div><\/div>\n<div class=\"col-12\">\n<div class=\"form-group\">\n            <span class=\"wpcf7-form-control-wrap your-message\"><textarea name=\"your-message\" cols=\"40\" rows=\"10\" class=\"wpcf7-form-control wpcf7-textarea form-control\" id=\"contact-message\" aria-invalid=\"false\" placeholder=\"Nh\u1eadp n\u1ed9i dung\"><\/textarea><\/span>\n        <\/div><\/div>\n<div class=\"col-lg-12\">\n<div class=\"form-group\">\n            <input type=\"submit\" value=\"Send\" class=\"wpcf7-form-control wpcf7-submit btn btn-primary btn-modern\" \/>\n        <\/div><\/div>\n<\/div>\n<div class=\"wpcf7-response-output\" aria-hidden=\"true\"><\/div><\/form><\/div>[\/vc_column][\/vc_row]<\/p>\n","protected":false},"excerpt":{"rendered":"<p>[vc_row full_width=&#8221;stretch_row_content_no_spaces&#8221; css=&#8221;.vc_custom_1583993442836{margin-bottom: 35px !important;}&#8221;][vc_column][\/vc_column][\/vc_row][vc_row el_class=&#8221;contact-number-wrapper&#8221;][vc_column offset=&#8221;vc_col-lg-offset-1 vc_col-lg-10&#8243;][vc_custom_heading text=&#8221;T\u00c2N \u00c1 \u0110\u1ea0I TH\u00c0NH PH\u00cdA B\u1eaeC&#8221; font_container=&#8221;tag:h2|font_size:22px|text_align:left|color:%2300a0e3|line_height:28px&#8221; text_transform=&#8221;text-uppercase&#8221; font_weight=&#8221;600&#8243; css=&#8221;.vc_custom_1584365638393{margin-bottom: 20px !important;}&#8221;][vc_row_inner][vc_column_inner width=&#8221;1\/3&#8243;][vc_column_text]H\u1ec7 th\u1ed1ng ph\u00e2n ph\u1ed1i \u00d4ng: Tr\u01b0\u01a1ng C\u00f4ng Phong Mobile: 0914.380.955 \u2013 0961.72.6666 Email:\u00a0phong.tc@tanadaithanh.vn[\/vc_column_text][\/vc_column_inner][vc_column_inner width=&#8221;1\/3&#8243;][vc_column_text]Ph\u00e2n ph\u1ed1i d\u1ef1 \u00e1n \u00d4ng: \u0110inh Nh\u1eadt Long Mobile: 0911006996 &#8211; 0914905130 Email:\u00a0long.dn@tanadaithanh.vn[\/vc_column_text][\/vc_column_inner][vc_column_inner width=&#8221;1\/3&#8243;][vc_column_text]Ban Tuy\u1ec3n D\u1ee5ng T\u1eadp \u0110o\u00e0n T\u00e2n \u00c1 \u0110\u1ea1i Th\u00e0nh [&hellip;]<\/p>\n","protected":false},"author":2,"featured_media":3348,"parent":0,"menu_order":6,"comment_status":"closed","ping_status":"closed","template":"","meta":[],"lang":"en","translations":{"vi":73,"en":5529},"pll_sync_post":[],"_links":{"self":[{"href":"https:\/\/tanadaithanh.vn\/giai-phap-nuoc\/wp-json\/wp\/v2\/pages\/3603"}],"collection":[{"href":"https:\/\/tanadaithanh.vn\/giai-phap-nuoc\/wp-json\/wp\/v2\/pages"}],"about":[{"href":"https:\/\/tanadaithanh.vn\/giai-phap-nuoc\/wp-json\/wp\/v2\/types\/page"}],"author":[{"embeddable":true,"href":"https:\/\/tanadaithanh.vn\/giai-phap-nuoc\/wp-json\/wp\/v2\/users\/2"}],"replies":[{"embeddable":true,"href":"https:\/\/tanadaithanh.vn\/giai-phap-nuoc\/wp-json\/wp\/v2\/comments?post=3603"}],"version-history":[{"count":2,"href":"https:\/\/tanadaithanh.vn\/giai-phap-nuoc\/wp-json\/wp\/v2\/pages\/3603\/revisions"}],"predecessor-version":[{"id":3629,"href":"https:\/\/tanadaithanh.vn\/giai-phap-nuoc\/wp-json\/wp\/v2\/pages\/3603\/revisions\/3629"}],"wp:featuredmedia":[{"embeddable":true,"href":"https:\/\/tanadaithanh.vn\/giai-phap-nuoc\/wp-json\/wp\/v2\/media\/3348"}],"wp:attachment":[{"href":"https:\/\/tanadaithanh.vn\/giai-phap-nuoc\/wp-json\/wp\/v2\/media?parent=3603"}],"curies":[{"name":"wp","href":"https:\/\/api.w.org\/{rel}","templated":true}]}}