{"id":2651,"date":"2020-01-13T03:14:31","date_gmt":"2020-01-13T03:14:31","guid":{"rendered":"https:\/\/tanadaithanh.vn\/kim-khi-gia-dung\/?page_id=2651"},"modified":"2021-03-13T12:05:35","modified_gmt":"2021-03-13T05:05:35","slug":"gioi-thieu","status":"publish","type":"page","link":"https:\/\/tanadaithanh.vn\/kim-khi-gia-dung\/gioi-thieu\/","title":{"rendered":"Gi\u1edbi thi\u1ec7u"},"content":{"rendered":"<p>[vc_row full_width=&#8221;stretch_row&#8221; el_class=&#8221;gthieu-pvcsv-wrapper&#8221; css=&#8221;.vc_custom_1597811806684{margin-bottom: 64px !important;}&#8221;][vc_column width=&#8221;3\/4&#8243; offset=&#8221;vc_col-lg-offset-0&#8243;][vc_custom_heading text=&#8221;Gi\u1edbi thi\u1ec7u&#8221; font_container=&#8221;tag:h1|font_size:52px|text_align:center|color:%2300a0e3|line_height:66px&#8221; font_weight=&#8221;500&#8243; letter_spacing=&#8221;-0.02em&#8221; css=&#8221;.vc_custom_1592470762593{margin-top: 20px !important;margin-bottom: 25px !important;}&#8221;][vc_custom_heading text=&#8221;Kh\u1edfi nghi\u1ec7p t\u1eeb n\u0103m 1993 v\u1edbi Nh\u00e0 m\u00e1y s\u1ea3n xu\u1ea5t b\u1ed3n n\u01b0\u1edbc \u0111\u1ea7u ti\u00ean \u0111\u1eb7t t\u1ea1i H\u01b0ng Y\u00ean, \u0111\u1ebfn nay, v\u1edbi h\u1ec7 th\u1ed1ng 19 c\u00f4ng ty th\u00e0nh vi\u00ean; 15 nh\u00e0 m\u00e1y c\u00f4ng ngh\u1ec7 cao t\u1ea1i H\u00e0 N\u1ed9i, H\u01b0ng Y\u00ean, H\u00e0 Nam, \u00d0\u00e0 N\u1eb5ng, Ngh\u1ec7 An, TP H\u1ed3 Ch\u00ed Minh, \u00d0\u1eafk N\u00f4ng, C\u1ea7n Th\u01a1, Long An, CHDCND L\u00e0o\u2026 c\u00f9ng 196 chi nh\u00e1nh, 30.000 \u0111i\u1ec3m b\u00e1n s\u1ea3n ph\u1ea9m tr\u00ean kh\u1eafp c\u1ea3 n\u01b0\u1edbc, T\u00e2n \u00c1 \u0110\u1ea1i Th\u00e0nh \u0111\u00e3 tr\u1edf th\u00e0nh doanh nghi\u1ec7p t\u01b0 nh\u00e2n l\u1edbn nh\u1ea5t trong l\u0129nh v\u1ef1c kim kh\u00ed gia d\u1ee5ng t\u1ea1i Vi\u1ec7t Nam.<\/p>\n<p>L\u1ea5y ch\u1ea5t l\u01b0\u1ee3ng s\u1ea3n ph\u1ea9m l\u00e0m gi\u00e1 tr\u1ecb c\u1ed1t l\u00f5i \u0111\u1ec3 chi\u1ebfm l\u0129nh th\u1ecb tr\u01b0\u1eddng v\u00e0 c\u1ea1nh tranh c\u00f4ng b\u1eb1ng v\u1edbi c\u00e1c s\u1ea3n ph\u1ea9m nh\u1eadp kh\u1ea9u, T\u00e2n \u00c1 \u0110\u1ea1i Th\u00e0nh \u0111\u00e3 kh\u00f4ng ng\u1eebng \u0111\u1ea7u t\u01b0, s\u00e1ng t\u1ea1o, nghi\u00ean c\u1ee9u ph\u00e1t tri\u1ec3n s\u1ea3n ph\u1ea9m m\u1edbi, \u00e1p d\u1ee5ng c\u00f4ng ngh\u1ec7 hi\u1ec7n \u0111\u1ea1i nh\u1ea5t v\u00e0o s\u1ea3n xu\u1ea5t v\u1edbi h\u1ec7 th\u1ed1ng m\u00e1y m\u00f3c, d\u00e2y chuy\u1ec1n c\u00f4ng ngh\u1ec7 \u0111\u01b0\u1ee3c nh\u1eadp kh\u1ea9u \u0111\u1ed3ng b\u1ed9 t\u1eeb Italia, \u00dac&#8230; T\u00e2n \u00c1 \u0110\u1ea1i Th\u00e0nh t\u1ef1 h\u00e0o l\u00e0 doanh nghi\u1ec7p s\u1ea3n xu\u1ea5t B\u1ed3n n\u01b0\u1edbc v\u00e0 M\u00e1y n\u01b0\u1edbc n\u00f3ng n\u0103ng l\u01b0\u1ee3ng m\u1eb7t tr\u1eddi l\u1edbn nh\u1ea5t Vi\u1ec7t Nam, \u0111\u1ed3ng th\u1eddi, l\u00e0 \u0111\u01a1n v\u1ecb \u0111\u1ea7u ti\u00ean t\u1ea1i Vi\u1ec7t Nam nghi\u00ean c\u1ee9u th\u00e0nh c\u00f4ng v\u00e0 cung c\u1ea5p ra th\u1ecb tr\u01b0\u1eddng s\u1ea3n ph\u1ea9m B\u1ed3n inox c\u00f4ng nghi\u1ec7p dung t\u00edch 30.000 l\u00edt, B\u1ed3n nh\u1ef1a c\u00f4ng nghi\u1ec7p 10.000 l\u00edt v\u00e0 M\u00e1y n\u01b0\u1edbc n\u00f3ng n\u0103ng l\u01b0\u1ee3ng m\u1eb7t tr\u1eddi c\u00f4ng nghi\u1ec7p 5.000 l\u00edt l\u1edbn nh\u1ea5t tr\u00ean th\u1ecb tr\u01b0\u1eddng, ph\u1ee5c v\u1ee5 trong c\u00e1c c\u00f4ng tr\u00ecnh x\u00e2y d\u1ef1ng quy m\u00f4 l\u1edbn, c\u00e1c nh\u00e0 m\u00e1y, x\u00ed nghi\u1ec7p, to\u00e0 nh\u00e0 v\u0103n ph\u00f2ng v\u00e0 chung c\u01b0 cao c\u1ea5p&#8230;<\/p>\n<p>V\u1edbi ki\u1ec3u d\u00e1ng \u0111a d\u1ea1ng, gi\u00e1 th\u00e0nh h\u1ee3p l\u00fd, t\u00edch h\u1ee3p c\u00e1c t\u00ednh n\u0103ng \u01b0u vi\u1ec7t, n\u1ed5i tr\u1ed9i so v\u1edbi c\u00e1c d\u00f2ng s\u1ea3n ph\u1ea9m kh\u00e1c tr\u00ean th\u1ecb tr\u01b0\u1eddng, c\u00e1c s\u1ea3n ph\u1ea9m kim kh\u00ed gia d\u1ee5ng c\u1ee7a T\u00e2n \u00c1 \u0110\u1ea1i Th\u00e0nh nh\u01b0 b\u1ed3n inox \u2013 b\u1ed3n nh\u1ef1a, m\u00e1y n\u01b0\u1edbc n\u00f3ng n\u0103ng l\u01b0\u1ee3ng m\u1eb7t tr\u1eddi\u2026 \u0111\u01b0\u1ee3c ng\u01b0\u1eddi ti\u00eau d\u00f9ng tin t\u01b0\u1edfng l\u1ef1a ch\u1ecdn v\u00e0 \u0111ang n\u1eafm gi\u1eef v\u1ecb th\u1ebf Th\u1ecb ph\u1ea7n s\u1ed1 1 Vi\u1ec7t Nam.<br \/>\nKh\u00f4ng ch\u1ec9 ph\u1ee5c v\u1ee5 nhu c\u1ea7u ti\u00eau th\u1ee5 trong n\u01b0\u1edbc, t\u1eeb n\u0103m 2012, T\u00e2n \u00c1 \u0110\u1ea1i Th\u00e0nh \u0111\u00e3 k\u00fd k\u1ebft nhi\u1ec1u h\u1ee3p \u0111\u1ed3ng h\u1ee3p t\u00e1c, cung \u1ee9ng c\u00e1c d\u00f2ng s\u1ea3n ph\u1ea9m kim kh\u00ed gia d\u1ee5ng sang th\u1ecb tr\u01b0\u1eddng c\u00e1c n\u01b0\u1edbc thu\u1ed9c khu v\u1ef1c Ch\u00e2u \u00c1, Ch\u00e2u \u00c2u v\u00e0 B\u1eafc M\u1ef9. \u0110\u00e2y \u0111\u01b0\u1ee3c xem l\u00e0 b\u01b0\u1edbc ti\u1ebfn quan tr\u1ecdng, kh\u1eb3ng \u0111\u1ecbnh gi\u00e1 tr\u1ecb th\u01b0\u01a1ng hi\u1ec7u T\u00e2n \u00c1 \u0110\u1ea1i Th\u00e0nh c\u0169ng nh\u01b0 ch\u1ea5t l\u01b0\u1ee3ng h\u00e0ng Vi\u1ec7t v\u00e0 v\u1ecb th\u1ebf th\u01b0\u01a1ng hi\u1ec7u Vi\u1ec7t t\u1ea1i th\u1ecb tr\u01b0\u1eddng qu\u1ed1c t\u1ebf.<\/p>\n<p>Lu\u00f4n g\u1eafn ho\u1ea1t \u0111\u1ed9ng s\u1ea3n xu\u1ea5t, kinh doanh v\u1edbi l\u1ee3i \u00edch c\u1ed9ng \u0111\u1ed3ng, mang \u0111\u1ebfn c\u00e1c s\u1ea3n ph\u1ea9m, d\u1ecbch v\u1ee5 t\u1ed1t nh\u1ea5t, g\u00f3p ph\u1ea7n c\u1ea3i thi\u1ec7n v\u00e0 n\u00e2ng cao ch\u1ea5t l\u01b0\u1ee3ng cu\u1ed9c s\u1ed1ng, c\u00e1c s\u1ea3n ph\u1ea9m Kim kh\u00ed gia d\u1ee5ng c\u1ee7a T\u00e2n \u00c1 \u0110\u1ea1i Th\u00e0nh nhi\u1ec1u n\u0103m li\u1ec1n \u0111\u01b0\u1ee3c b\u00ecnh ch\u1ecdn \u201cH\u00e0ng Vi\u1ec7t Nam ch\u1ea5t l\u01b0\u1ee3ng cao\u201d, \u0111\u1ea1t gi\u1ea3i th\u01b0\u1edfng &#8220;Sao V\u00e0ng \u0110\u1ea5t Vi\u1ec7t&#8220;, \u0111\u1ea1t &#8220;Huy ch\u01b0\u01a1ng V\u00e0ng&#8220; t\u1ea1i c\u00e1c k\u1ef3 H\u1ed9i ch\u1ee3 Qu\u1ed1c t\u1ebf H\u00e0ng c\u00f4ng nghi\u1ec7p Vi\u1ec7t Nam, &#8220;Gi\u1ea3i V\u00e0ng ch\u1ea5t l\u01b0\u1ee3ng Qu\u1ed1c gia&#8220;, gi\u1ea3i th\u01b0\u1edfng &#8220;Ch\u1ea5t l\u01b0\u1ee3ng Ch\u00e2u \u00c1 &#8211; Th\u00e1i B\u00ecnh D\u01b0\u01a1ng&#8220; v\u00e0 vinh d\u1ef1 \u0111\u01b0\u1ee3c nh\u1eadn \u201cB\u1eb1ng khen c\u1ee7a Th\u1ee7 t\u01b0\u1edbng Ch\u00ednh ph\u1ee7\u201d, \u201cHu\u00e2n ch\u01b0\u01a1ng lao \u0111\u1ed9ng h\u1ea1ng Nh\u1ea5t\u201d do Ch\u1ee7 t\u1ecbch n\u01b0\u1edbc trao t\u1eb7ng.&#8221; font_container=&#8221;tag:div|font_size:18px|text_align:justify|color:%23111111|line_height:28px&#8221;][\/vc_column][\/vc_row][vc_row full_width=&#8221;stretch_row&#8221;][vc_column]\n                <div class=\"porfolio-cat-list layout_3 _wrapper\"  id=\"sp_gioi_thieu_page_wrapper\">\n                    <div class=\"swiper-container san_pham_tieu_bieu \" id=\"sp_gioi_thieu_page\">\n                        <div class=\"swiper-wrapper\">\n                            \n                    <div class=\"swiper-slide\">\n                        <div class=\"portfolio-item-wrapper\">\n                            <a href=\"https:\/\/tanadaithanh.vn\/kim-khi-gia-dung\/danh-muc\/bon-nuoc-inox\/\">\n                                <div class=\"pitem-image\"><img src=\"https:\/\/tanadaithanh.vn\/kim-khi-gia-dung\/wp-content\/uploads\/sites\/3\/2020\/08\/INOX.png\" alt=\"\"  \/><\/div>\n                                <div class=\"pitem-title\">B\u1ed3n inox<\/div>\n                                <div class=\"pitem-desc\">S\u1ea3n ph\u1ea9m ch\u1ee7 l\u1ef1c c\u1ee7a T\u1eadp \u0111o\u00e0n T\u00e2n \u00c1 \u0110\u1ea1i Th\u00e0nh v\u1edbi nhi\u1ec1u ki\u1ec3u d\u00e1ng, dung t\u00edch mang l\u1ea1i gi\u1ea3i ph\u00e1p ch\u1ee9a n\u01b0\u1edbc s\u1ea1ch c\u1ee7a h\u00e0ng tri\u1ec7u ng\u00f4i nh\u00e0 Vi\u1ec7t<\/div>\n                                \n                            <\/a>\n                        <\/div>\n                        <a href=\"https:\/\/tanadaithanh.vn\/kim-khi-gia-dung\/danh-muc\/bon-nuoc-inox\/\" class=\"hover-info-bck hidden\">\n                            <div class=\"plus-icon\">Read more<\/div>\n                        <\/a>\n                    <\/div>\n                \n                    <div class=\"swiper-slide\">\n                        <div class=\"portfolio-item-wrapper\">\n                            <a href=\"https:\/\/tanadaithanh.vn\/kim-khi-gia-dung\/danh-muc\/bon-nuoc-nhua\/\">\n                                <div class=\"pitem-image\"><img src=\"https:\/\/tanadaithanh.vn\/kim-khi-gia-dung\/wp-content\/uploads\/sites\/3\/2020\/08\/Untitled-5.png\" alt=\"\"  \/><\/div>\n                                <div class=\"pitem-title\">B\u1ed3n nh\u1ef1a<\/div>\n                                <div class=\"pitem-desc\">\u0110\u01b0\u1ee3c xem l\u00e0  \u275dSi\u00eau b\u1ed3n nh\u1ef1a\u275e t\u1ea1i Vi\u1ec7t Nam, v\u1eadt li\u1ec7u d\u1ebbo dai, ch\u1ed1ng va \u0111\u1eadp t\u1ed1t, \u0111\u1ed9 b\u1ec1n v\u01b0\u1ee3t tr\u1ed9i v\u00e0 nhi\u1ec1u t\u00ednh n\u0103ng \u01b0u vi\u1ec7t \u0111\u1ea3m b\u1ea3o ch\u1ea5t l\u01b0\u1ee3ng ngu\u1ed3n n\u01b0\u1edbc<\/div>\n                                \n                            <\/a>\n                        <\/div>\n                        <a href=\"https:\/\/tanadaithanh.vn\/kim-khi-gia-dung\/danh-muc\/bon-nuoc-nhua\/\" class=\"hover-info-bck hidden\">\n                            <div class=\"plus-icon\">Read more<\/div>\n                        <\/a>\n                    <\/div>\n                \n                    <div class=\"swiper-slide\">\n                        <div class=\"portfolio-item-wrapper\">\n                            <a href=\"https:\/\/tanadaithanh.vn\/kim-khi-gia-dung\/danh-muc\/bo-loc-nuoc-dau-nguon\/\">\n                                <div class=\"pitem-image\"><img src=\"https:\/\/tanadaithanh.vn\/kim-khi-gia-dung\/wp-content\/uploads\/sites\/3\/2020\/07\/locdaunguon_2111.png\" alt=\"Upstream filter Tan A Dai Thanh Beluga B2.1\"  \/><\/div>\n                                <div class=\"pitem-title\">B\u1ed9 l\u1ecdc n\u01b0\u1edbc \u0111\u1ea7u ngu\u1ed3n<\/div>\n                                <div class=\"pitem-desc\">S\u1ea3n ph\u1ea9m cao c\u1ea5p c\u1ee7a T\u1eadp \u0111o\u00e0n T\u00e2n \u00c1 \u0110\u1ea1i Th\u00e0nh, t\u00edch h\u1ee3p nh\u1eefng c\u00f4ng ngh\u1ec7 ti\u00ean ti\u1ebfn, gi\u00fap n\u00e2ng cao ch\u1ea5t l\u01b0\u1ee3ng ngu\u1ed3n n\u01b0\u1edbc sinh ho\u1ea1t c\u1ee7a ng\u01b0\u1eddi d\u00e2n Vi\u1ec7t Nam<\/div>\n                                \n                            <\/a>\n                        <\/div>\n                        <a href=\"https:\/\/tanadaithanh.vn\/kim-khi-gia-dung\/danh-muc\/bo-loc-nuoc-dau-nguon\/\" class=\"hover-info-bck hidden\">\n                            <div class=\"plus-icon\">Read more<\/div>\n                        <\/a>\n                    <\/div>\n                \n                    <div class=\"swiper-slide\">\n                        <div class=\"portfolio-item-wrapper\">\n                            <a href=\"https:\/\/tanadaithanh.vn\/kim-khi-gia-dung\/danh-muc\/may-nuoc-nong-nang-luong-mat-troi\/\">\n                                <div class=\"pitem-image\"><img src=\"https:\/\/tanadaithanh.vn\/kim-khi-gia-dung\/wp-content\/uploads\/sites\/3\/2020\/08\/Untitled-3.png\" alt=\"\"  \/><\/div>\n                                <div class=\"pitem-title\">N\u0103ng l\u01b0\u1ee3ng m\u1eb7t tr\u1eddi<\/div>\n                                <div class=\"pitem-desc\">S\u1ea3n ph\u1ea9m cao c\u1ea5p c\u1ee7a T\u1eadp \u0111o\u00e0n T\u00e2n \u00c1 \u0110\u1ea1i Th\u00e0nh, s\u1ea3n xu\u1ea5t tr\u00ean d\u00e2y chuy\u1ec1n c\u00f4ng ngh\u1ec7 c\u1ee7a ch\u00e2u \u00c2u, nhi\u1ec1u t\u00ednh n\u0103ng \u01b0u vi\u1ec7t, th\u00e2n thi\u1ec7n v\u1edbi m\u00f4i tr\u01b0\u1eddng<\/div>\n                                \n                            <\/a>\n                        <\/div>\n                        <a href=\"https:\/\/tanadaithanh.vn\/kim-khi-gia-dung\/danh-muc\/may-nuoc-nong-nang-luong-mat-troi\/\" class=\"hover-info-bck hidden\">\n                            <div class=\"plus-icon\">Read more<\/div>\n                        <\/a>\n                    <\/div>\n                \n                    <div class=\"swiper-slide\">\n                        <div class=\"portfolio-item-wrapper\">\n                            <a href=\"https:\/\/tanadaithanh.vn\/kim-khi-gia-dung\/danh-muc\/chau-rua\/\">\n                                <div class=\"pitem-image\"><img src=\"https:\/\/tanadaithanh.vn\/kim-khi-gia-dung\/wp-content\/uploads\/sites\/3\/2020\/08\/unnamed-5.png\" alt=\"\"  \/><\/div>\n                                <div class=\"pitem-title\">Ch\u1eadu r\u1eeda<\/div>\n                                <div class=\"pitem-desc\">Ch\u1eadu r\u1eeda cao c\u1ea5p Rossi \u0111\u01b0\u1ee3c s\u1ea3n xu\u1ea5t t\u1eeb v\u1eadt li\u1ec7u si\u00eau b\u1ec1n INOX SUS 304 tr\u00ean d\u00e2y truy\u1ec1n c\u00f4ng ngh\u1ec7 hi\u1ec7n \u0111\u1ea1i c\u1ee7a Nh\u1eadt B\u1ea3n<\/div>\n                                \n                            <\/a>\n                        <\/div>\n                        <a href=\"https:\/\/tanadaithanh.vn\/kim-khi-gia-dung\/danh-muc\/chau-rua\/\" class=\"hover-info-bck hidden\">\n                            <div class=\"plus-icon\">Read more<\/div>\n                        <\/a>\n                    <\/div>\n                \n                    <div class=\"swiper-slide\">\n                        <div class=\"portfolio-item-wrapper\">\n                            <a href=\"https:\/\/tanadaithanh.vn\/kim-khi-gia-dung\/danh-muc\/bon-tu-hoai\/\">\n                                <div class=\"pitem-image\"><img src=\"https:\/\/tanadaithanh.vn\/kim-khi-gia-dung\/wp-content\/uploads\/sites\/3\/2020\/08\/Untitled-4.png\" alt=\"\"  \/><\/div>\n                                <div class=\"pitem-title\">B\u1ed3n t\u1ef1 ho\u1ea1i<\/div>\n                                <div class=\"pitem-desc\">B\u1ed3n t\u1ef1 ho\u1ea1i \u0110\u1ea1i Th\u00e0nh t\u1ef1 h\u00e0o l\u00e0 s\u1ea3n ph\u1ea9m v\u1eadn h\u00e0nh 100% th\u1ee7y l\u1ef1c v\u00e0 ph\u1ea3n \u1ee9ng sinh h\u1ecdc kh\u00f4ng s\u1eed d\u1ee5ng b\u1ea5t k\u1ef3 h\u00f3a ch\u1ea5t hay ch\u1ea5t x\u00fac t\u00e1c n\u00e0o.<\/div>\n                                \n                            <\/a>\n                        <\/div>\n                        <a href=\"https:\/\/tanadaithanh.vn\/kim-khi-gia-dung\/danh-muc\/bon-tu-hoai\/\" class=\"hover-info-bck hidden\">\n                            <div class=\"plus-icon\">Read more<\/div>\n                        <\/a>\n                    <\/div>\n                \n                        <\/div>\n                    <\/div>\n                    <!--<div class=\"lvhd-button-prev\"><\/div>\n                    <div class=\"lvhd-button-next\"><\/div>-->\n                <\/div><script type=\"application\/javascript\">\n                    (function ($) {\n                        $(document).ready(function () {\n                            var sp_gioi_thieu_page = new Swiper(\"#sp_gioi_thieu_page\", {\n                                slidesPerView: 4,\n                                spaceBetween: 20,\n                                navigation: {\n                                    nextEl: \"#sp_gioi_thieu_page_wrapper .lvhd-button-next\",\n                                    prevEl: \"#sp_gioi_thieu_page_wrapper .lvhd-button-prev\",\n                                },\n                                breakpoints: {\n                                    \/\/ when window width is >= 320px\n                                    320: {\n                                        slidesPerView: 1.5,\n                                        spaceBetween: 10\n                                    },\n                                    \/\/ when window width is >= 767px\n                                    767: {\n                                        slidesPerView: 2.7,\n                                        spaceBetween: 10,\n                                    },\n                                    \/\/ when window width is >= 991px\n                                    991: {\n                                        slidesPerView: 4,\n                                        spaceBetween: 20\n                                    }\n                                },\n                            });\n                            \n                            $(\".nav-item\").each(function(){\n                                $(this).click(function(){\n                                    setTimeout(function(){ \n                                        sp_gioi_thieu_page.update();\n                                    }, 100);\n                                    \n                                });\n                            });\n                            \n                        });\n                    })(jQuery);\n                <\/script>\n       \n        [\/vc_column][\/vc_row]<\/p>\n","protected":false},"excerpt":{"rendered":"<p>[vc_row full_width=&#8221;stretch_row&#8221; el_class=&#8221;gthieu-pvcsv-wrapper&#8221; css=&#8221;.vc_custom_1597811806684{margin-bottom: 64px !important;}&#8221;][vc_column width=&#8221;3\/4&#8243; offset=&#8221;vc_col-lg-offset-0&#8243;][vc_custom_heading text=&#8221;Gi\u1edbi thi\u1ec7u&#8221; font_container=&#8221;tag:h1|font_size:52px|text_align:center|color:%2300a0e3|line_height:66px&#8221; font_weight=&#8221;500&#8243; letter_spacing=&#8221;-0.02em&#8221; css=&#8221;.vc_custom_1592470762593{margin-top: 20px !important;margin-bottom: 25px !important;}&#8221;][vc_custom_heading text=&#8221;Kh\u1edfi nghi\u1ec7p t\u1eeb n\u0103m 1993 v\u1edbi Nh\u00e0 m\u00e1y s\u1ea3n xu\u1ea5t b\u1ed3n n\u01b0\u1edbc \u0111\u1ea7u ti\u00ean \u0111\u1eb7t t\u1ea1i H\u01b0ng Y\u00ean, \u0111\u1ebfn nay, v\u1edbi h\u1ec7 th\u1ed1ng 19 c\u00f4ng ty th\u00e0nh vi\u00ean; 15 nh\u00e0 m\u00e1y c\u00f4ng ngh\u1ec7 cao t\u1ea1i H\u00e0 N\u1ed9i, [&hellip;]<\/p>\n","protected":false},"author":1,"featured_media":3348,"parent":0,"menu_order":12,"comment_status":"closed","ping_status":"closed","template":"","meta":[],"_links":{"self":[{"href":"https:\/\/tanadaithanh.vn\/kim-khi-gia-dung\/wp-json\/wp\/v2\/pages\/2651"}],"collection":[{"href":"https:\/\/tanadaithanh.vn\/kim-khi-gia-dung\/wp-json\/wp\/v2\/pages"}],"about":[{"href":"https:\/\/tanadaithanh.vn\/kim-khi-gia-dung\/wp-json\/wp\/v2\/types\/page"}],"author":[{"embeddable":true,"href":"https:\/\/tanadaithanh.vn\/kim-khi-gia-dung\/wp-json\/wp\/v2\/users\/1"}],"replies":[{"embeddable":true,"href":"https:\/\/tanadaithanh.vn\/kim-khi-gia-dung\/wp-json\/wp\/v2\/comments?post=2651"}],"version-history":[{"count":99,"href":"https:\/\/tanadaithanh.vn\/kim-khi-gia-dung\/wp-json\/wp\/v2\/pages\/2651\/revisions"}],"predecessor-version":[{"id":5182,"href":"https:\/\/tanadaithanh.vn\/kim-khi-gia-dung\/wp-json\/wp\/v2\/pages\/2651\/revisions\/5182"}],"wp:featuredmedia":[{"embeddable":true,"href":"https:\/\/tanadaithanh.vn\/kim-khi-gia-dung\/wp-json\/wp\/v2\/media\/3348"}],"wp:attachment":[{"href":"https:\/\/tanadaithanh.vn\/kim-khi-gia-dung\/wp-json\/wp\/v2\/media?parent=2651"}],"curies":[{"name":"wp","href":"https:\/\/api.w.org\/{rel}","templated":true}]}}