{"id":73,"date":"2016-06-14T06:15:58","date_gmt":"2016-06-14T06:15:58","guid":{"rendered":"http:\/\/sw-themes.com\/porto_dummy\/?page_id=73"},"modified":"2025-06-02T10:49:37","modified_gmt":"2025-06-02T03:49:37","slug":"tu-van-mua-hang","status":"publish","type":"page","link":"https:\/\/tanadaithanh.vn\/kim-khi-gia-dung\/tu-van-mua-hang\/","title":{"rendered":"T\u01b0 v\u1ea5n mua h\u00e0ng"},"content":{"rendered":"<p>[vc_row full_width=&#8221;stretch_row_content_no_spaces&#8221; css=&#8221;.vc_custom_1594278676277{margin-bottom: 61px !important;}&#8221;][vc_column][vc_single_image image=&#8221;4744&#8243;][\/vc_column][\/vc_row][vc_row][vc_column offset=&#8221;vc_col-lg-offset-1 vc_col-lg-10 vc_col-md-offset-0 vc_col-md-12&#8243;][vc_custom_heading text=&#8221;T\u01b0 v\u1ea5n mua h\u00e0ng&#8221; font_container=&#8221;tag:h2|font_size:54px|text_align:center|color:%2300a0e3|line_height:68px&#8221; text_transform=&#8221;text-uppercase&#8221; font_weight=&#8221;600&#8243; css=&#8221;.vc_custom_1594318570812{margin-bottom: 70px !important;}&#8221;][vc_row_inner][vc_column_inner el_class=&#8221;tu_van_col_left&#8221; width=&#8221;1\/2&#8243; css=&#8221;.vc_custom_1594326829349{margin-bottom: 40px !important;}&#8221;][vc_custom_heading text=&#8221;T\u01b0 v\u1ea5n&#8221; font_container=&#8221;tag:div|font_size:28px|text_align:left|color:%23111111|line_height:35px&#8221; text_transform=&#8221;text-uppercase&#8221; font_weight=&#8221;600&#8243; el_class=&#8221;tu_van_title&#8221;][vc_custom_heading text=&#8221;G\u1ecdi Hotline&#8221; font_container=&#8221;tag:div|font_size:20px|text_align:left|color:%23111111|line_height:25px&#8221; font_weight=&#8221;600&#8243; css=&#8221;.vc_custom_1594323335990{margin-bottom: 18px !important;}&#8221;][vc_raw_html css=&#8221;.vc_custom_1594321990075{margin-bottom: 38px !important;}&#8221;]JTNDZGl2JTIwY2xhc3MlM0QlMjJnb2ktaG90LWxpbmUlMjIlM0UlMEElMjAlMjAlMjAlMjAlM0NhJTIwJTIwaHJlZiUzRCUyMnRlbCUzQTE5MDA2MDg2JTIyJTIwY2xhc3MlM0QlMjJ0dl9waG9uZV9idHQlMjIlM0UlMEElMjAlMjAlMjAlMjAlMjAlMjAlMjAlMjAlM0NpJTIwY2xhc3MlM0QlMjJwb3J0by1pY29uLXBob25lJTIyJTNFJTNDJTJGaSUzRSUyMDE5MDAlMjA2MDg2JTBBJTIwJTIwJTIwJTIwJTNDJTJGYSUzRSUwQSUyMCUyMCUyMCUyMCUzQ2ElMjAlMjBocmVmJTNEJTIydGVsJTNBMDk4Njg2ODY4NSUyMiUyMGNsYXNzJTNEJTIydHZfcGhvbmVfYnR0JTIyJTNFJTBBJTIwJTIwJTIwJTIwJTIwJTIwJTIwJTIwJTNDaSUyMGNsYXNzJTNEJTIycG9ydG8taWNvbi1waG9uZSUyMiUzRSUzQyUyRmklM0UlMjAwOTg2JTIwODYlMjA4NiUyMDg1JTBBJTIwJTIwJTIwJTIwJTNDJTJGYSUzRSUwQSUzQyUyRmRpdiUzRQ==[\/vc_raw_html][vc_custom_heading text=&#8221;Nh\u1eadp th\u00f4ng tin&#8221; font_container=&#8221;tag:div|font_size:20px|text_align:left|color:%23111111|line_height:25px&#8221; font_weight=&#8221;600&#8243; css=&#8221;.vc_custom_1594323357074{margin-bottom: 24px !important;}&#8221;][vc_column_text]<div role=\"form\" class=\"wpcf7\" id=\"wpcf7-f4148-o1\" lang=\"vi\" dir=\"ltr\">\n<div class=\"screen-reader-response\"><p role=\"status\" aria-live=\"polite\" aria-atomic=\"true\"><\/p> <ul><\/ul><\/div>\n<form action=\"\/kim-khi-gia-dung\/wp-json\/wp\/v2\/pages\/73#wpcf7-f4148-o1\" method=\"post\" class=\"wpcf7-form init o2o_form_2c539b59fbd04b348b9c057f02c6c2ac\" novalidate=\"novalidate\" data-status=\"init\">\n<div style=\"display: none;\">\n<input type=\"hidden\" name=\"_wpcf7\" value=\"4148\" \/>\n<input type=\"hidden\" name=\"_wpcf7_version\" value=\"5.3.1\" \/>\n<input type=\"hidden\" name=\"_wpcf7_locale\" value=\"vi\" \/>\n<input type=\"hidden\" name=\"_wpcf7_unit_tag\" value=\"wpcf7-f4148-o1\" \/>\n<input type=\"hidden\" name=\"_wpcf7_container_post\" value=\"0\" \/>\n<input type=\"hidden\" name=\"_wpcf7_posted_data_hash\" value=\"\" \/>\n<\/div>\n<div class=\"tu_van_form\">\n<label> H\u1ecd t\u00ean<br \/>\n    <span class=\"wpcf7-form-control-wrap your-name\"><input type=\"text\" name=\"your-name\" value=\"\" size=\"40\" class=\"wpcf7-form-control wpcf7-text wpcf7-validates-as-required o2o-fullName\" aria-required=\"true\" aria-invalid=\"false\" \/><\/span> <\/label><br \/>\n<label> S\u1ed1 \u0111i\u1ec7n tho\u1ea1i<br \/>\n    <span class=\"wpcf7-form-control-wrap so_dien_thoai\"><input type=\"tel\" name=\"so_dien_thoai\" value=\"\" size=\"40\" class=\"wpcf7-form-control wpcf7-text wpcf7-tel wpcf7-validates-as-required wpcf7-validates-as-tel o2o-phone\" aria-required=\"true\" aria-invalid=\"false\" \/><\/span> <\/label><br \/>\n<label> \u0110\u1ecba ch\u1ec9<br \/>\n    <span class=\"wpcf7-form-control-wrap dia_chi\"><input type=\"text\" name=\"dia_chi\" value=\"\" size=\"40\" class=\"wpcf7-form-control wpcf7-text wpcf7-validates-as-required o2o-address\" aria-required=\"true\" aria-invalid=\"false\" \/><\/span> <\/label><br \/>\n<label> S\u1ea3n ph\u1ea9m quan t\u00e2m<br \/>\n    <span class=\"wpcf7-form-control-wrap san_pham_quan-tam\"><select name=\"san_pham_quan-tam\" class=\"wpcf7-form-control wpcf7-select o2o-note\" aria-invalid=\"false\"><option value=\"- Ch\u1ecdn s\u1ea3n ph\u1ea9m -\">- Ch\u1ecdn s\u1ea3n ph\u1ea9m -<\/option><option value=\"M\u00e1y n\u01b0\u1edbc n\u00f3ng n\u0103ng l\u01b0\u1ee3ng m\u1eb7t tr\u1eddi\">M\u00e1y n\u01b0\u1edbc n\u00f3ng n\u0103ng l\u01b0\u1ee3ng m\u1eb7t tr\u1eddi<\/option><option value=\"B\u1ed3n Inox\">B\u1ed3n Inox<\/option><option value=\"B\u1ed3n nh\u1ef1a\">B\u1ed3n nh\u1ef1a<\/option><option value=\"B\u1ed3n t\u1ef1 ho\u1ea1i\">B\u1ed3n t\u1ef1 ho\u1ea1i<\/option><option value=\"B\u1ed9 l\u1ecdc n\u01b0\u1edbc \u0111\u1ea7u ngu\u1ed3n\">B\u1ed9 l\u1ecdc n\u01b0\u1edbc \u0111\u1ea7u ngu\u1ed3n<\/option><option value=\"Ch\u1eadu r\u1eeda\">Ch\u1eadu r\u1eeda<\/option><\/select><\/span> <\/label><\/p>\n<div class=\"tv_submit_wrapper\"><input type=\"submit\" value=\"G\u1eedi Th\u00f4ng Tin\" class=\"wpcf7-form-control wpcf7-submit\" \/><\/div>\n<\/div>\n<div class=\"wpcf7-response-output\" aria-hidden=\"true\"><\/div><\/form><\/div>[\/vc_column_text][\/vc_column_inner][vc_column_inner el_class=&#8221;tu_van_col_right&#8221; width=&#8221;1\/2&#8243;][vc_custom_heading text=&#8221;Mua h\u00e0ng&#8221; font_container=&#8221;tag:div|font_size:28px|text_align:left|color:%23111111|line_height:35px&#8221; text_transform=&#8221;text-uppercase&#8221; font_weight=&#8221;600&#8243; el_class=&#8221;tu_van_title&#8221;][vc_custom_heading text=&#8221;Mua h\u00e0ng tr\u1ef1c tuy\u1ebfn&#8221; font_container=&#8221;tag:div|font_size:20px|text_align:left|color:%23111111|line_height:25px&#8221; font_weight=&#8221;600&#8243; css=&#8221;.vc_custom_1594323298445{margin-bottom: 38px !important;}&#8221;]<div class=\"porto-sicon-box  vc_custom_1744279344140 style_1 default-icon flex-wrap\"><div class=\"porto-sicon-default\"><div id=\"porto-icon-157922478769e49b936d3c2\" class=\"porto-just-icon-wrapper\" style=\"text-align:center;\">\n<div class=\"porto-sicon-img \" style=\"display:inline-block;font-size: 44px;\" >\n\t<img class=\"img-icon\" alt=\"\" src=\"https:\/\/tanadaithanh.vn\/kim-khi-gia-dung\/wp-content\/uploads\/sites\/3\/2020\/07\/b1.png\" width=\"88\" height=\"88\" \/>\n<\/div><\/div><\/div><div class=\"porto-sicon-header\" ><h3 class=\"porto-sicon-title\" style=\"font-size:16px;line-height:20px;color:#111111;\">B\u01af\u1edaC 1<\/h3><\/div> <!-- header --><div class=\"porto-sicon-description\" style=\"font-size:16px;line-height:20px;color:#111111;\">Truy c\u1eadp website b\u00e1n h\u00e0ng ch\u00ednh th\u1ee9c:<\/p>\n<ul>\n<li><span style=\"font-size: 15px\">Mi\u1ec1n B\u1eafc (t\u1eeb B\u00ecnh \u0110\u1ecbnh tr\u1edf ra): <a href=\"https:\/\/shop.tanadaithanh.vn\">shop.tanadaithanh.vn<\/a><\/span><\/li>\n<li><span style=\"font-size: 15px\">Mi\u1ec1n Nam (t\u1eeb Ph\u00fa Y\u00ean tr\u1edf v\u00e0o): <a href=\"https:\/\/www.daithanhgroup.vn\/\">daithanhgroup.vn<\/a><\/span><\/li>\n<\/ul>\n<p><\/div> <!-- description --><\/div> <!-- porto-sicon-box --><div class=\"porto-sicon-box  vc_custom_1597737079787 style_1 default-icon flex-wrap\"><div class=\"porto-sicon-default\"><div id=\"porto-icon-116466336069e49b936d8da\" class=\"porto-just-icon-wrapper\" style=\"text-align:center;\">\n<div class=\"porto-sicon-img \" style=\"display:inline-block;font-size: 44px;\" >\n\t<img class=\"img-icon\" alt=\"\" src=\"https:\/\/tanadaithanh.vn\/kim-khi-gia-dung\/wp-content\/uploads\/sites\/3\/2020\/07\/b2.png\" width=\"88\" height=\"88\" \/>\n<\/div><\/div><\/div><div class=\"porto-sicon-header\" ><h3 class=\"porto-sicon-title\" style=\"font-size:16px;line-height:20px;color:#111111;\">B\u01af\u1edaC 2<\/h3><\/div> <!-- header --><div class=\"porto-sicon-description\" style=\"font-size:16px;line-height:20px;color:#111111;\">Ch\u1ecdn s\u1ea3n ph\u1ea9m v\u00e0 ti\u1ebfn h\u00e0nh \u0110\u1eb7t h\u00e0ng<\/div> <!-- description --><\/div> <!-- porto-sicon-box --><div class=\"porto-sicon-box  vc_custom_1594327473569 style_1 default-icon flex-wrap\"><div class=\"porto-sicon-default\"><div id=\"porto-icon-163086082369e49b936ddec\" class=\"porto-just-icon-wrapper\" style=\"text-align:center;\">\n<div class=\"porto-sicon-img \" style=\"display:inline-block;font-size: 44px;\" >\n\t<img class=\"img-icon\" alt=\"\" src=\"https:\/\/tanadaithanh.vn\/kim-khi-gia-dung\/wp-content\/uploads\/sites\/3\/2020\/07\/b3.png\" width=\"88\" height=\"88\" \/>\n<\/div><\/div><\/div><div class=\"porto-sicon-header\" ><h3 class=\"porto-sicon-title\" style=\"font-size:16px;line-height:20px;color:#111111;\">B\u01af\u1edaC 3<\/h3><\/div> <!-- header --><div class=\"porto-sicon-description\" style=\"font-size:16px;line-height:20px;color:#111111;\">X\u00e1c nh\u1eadn mua h\u00e0ng<\/div> <!-- description --><\/div> <!-- porto-sicon-box --><div class=\"porto-sicon-box  vc_custom_1597737093489 style_1 default-icon flex-wrap\"><div class=\"porto-sicon-default\"><div id=\"porto-icon-177345752269e49b936e2df\" class=\"porto-just-icon-wrapper\" style=\"text-align:center;\">\n<div class=\"porto-sicon-img \" style=\"display:inline-block;font-size: 44px;\" >\n\t<img class=\"img-icon\" alt=\"\" src=\"https:\/\/tanadaithanh.vn\/kim-khi-gia-dung\/wp-content\/uploads\/sites\/3\/2020\/07\/b4.png\" width=\"88\" height=\"88\" \/>\n<\/div><\/div><\/div><div class=\"porto-sicon-header\" ><h3 class=\"porto-sicon-title\" style=\"font-size:16px;line-height:20px;color:#111111;\">B\u01af\u1edaC 3<\/h3><\/div> <!-- header --><div class=\"porto-sicon-description\" style=\"font-size:16px;line-height:20px;color:#111111;\">Ch\u1edd giao h\u00e0ng &amp; Thanh to\u00e1n<\/div> <!-- description --><\/div> <!-- porto-sicon-box -->[vc_images_carousel images=&#8221;4159,4747,4161,11291,11296&#8243; img_size=&#8221;full&#8221; onclick=&#8221;custom_link&#8221; custom_links_target=&#8221;_blank&#8221; slides_per_view=&#8221;5&#8243; hide_pagination_control=&#8221;yes&#8221; hide_prev_next_buttons=&#8221;yes&#8221; el_class=&#8221;tu_van_img_carousel&#8221; custom_links=&#8221;#E-8_aHR0cHMlM0ElMkYlMkZ3d3cuZmFjZWJvb2suY29tJTJGcHJvZmlsZS5waHAlM0ZpZCUzRDYxNTY3MTcxMTM5OTE5JTJDaHR0cHMlM0ElMkYlMkZ0aWtpLnZuJTJGY3VhLWhhbmclMkZ0YW4tYS1kYWktdGhhbmgtc2hvcCUyQ2h0dHBzJTNBJTJGJTJGd3d3LmxhemFkYS52biUyRnNob3AlMkZ0YW4tYS1kYWktdGhhbmglMkYlMkNodHRwcyUzQSUyRiUyRnNob3BlZS52biUyRnRhbmFkYWl0aGFuaG9mZmljaWFsc3RvcmUlMkNodHRwcyUzQSUyRiUyRnd3dy50aWt0b2suY29tJTJGJTQwdGFuYWRhaXRoYW5oLm9mZmljaWFs&#8221; css=&#8221;.vc_custom_1748836192753{background-position: center !important;background-repeat: no-repeat !important;background-size: cover !important;}&#8221;][vc_custom_heading text=&#8221;Mua h\u00e0ng t\u1ea1i c\u1eeda h\u00e0ng&#8221; font_container=&#8221;tag:div|font_size:20px|text_align:left|color:%23111111|line_height:25px&#8221; font_weight=&#8221;600&#8243; css=&#8221;.vc_custom_1594323309874{margin-bottom: 38px !important;}&#8221;]<div class=\"porto-sicon-box  vc_custom_1594327688444 style_1 default-icon flex-wrap\"><div class=\"porto-sicon-default\"><div id=\"porto-icon-27796970069e49b936e7d1\" class=\"porto-just-icon-wrapper\" style=\"text-align:center;\">\n<div class=\"porto-sicon-img \" style=\"display:inline-block;font-size: 44px;\" >\n\t<img class=\"img-icon\" alt=\"\" src=\"https:\/\/tanadaithanh.vn\/kim-khi-gia-dung\/wp-content\/uploads\/sites\/3\/2020\/07\/mhtch-b1.png\" width=\"88\" height=\"88\" \/>\n<\/div><\/div><\/div><div class=\"porto-sicon-header\" ><h3 class=\"porto-sicon-title\" style=\"font-size:16px;line-height:20px;color:#111111;\">B\u01af\u1edaC 1<\/h3><\/div> <!-- header --><div class=\"porto-sicon-description\" style=\"font-size:16px;line-height:20px;color:#111111;\">Truy c\u1eadp h\u1ec7 th\u1ed1ng c\u1eeda h\u00e0ng. <a href=\"https:\/\/tanadaithanh.vn\/kim-khi-gia-dung\/he-thong-phan-phoi\">Danh s\u00e1ch c\u1eeda h\u00e0ng<\/a><\/div> <!-- description --><\/div> <!-- porto-sicon-box --><div class=\"porto-sicon-box  vc_custom_1594327713212 style_1 default-icon flex-wrap\"><div class=\"porto-sicon-default\"><div id=\"porto-icon-15467714469e49b936eccb\" class=\"porto-just-icon-wrapper\" style=\"text-align:center;\">\n<div class=\"porto-sicon-img \" style=\"display:inline-block;font-size: 44px;\" >\n\t<img class=\"img-icon\" alt=\"\" src=\"https:\/\/tanadaithanh.vn\/kim-khi-gia-dung\/wp-content\/uploads\/sites\/3\/2020\/07\/mhtch-b2.png\" width=\"88\" height=\"88\" \/>\n<\/div><\/div><\/div><div class=\"porto-sicon-header\" ><h3 class=\"porto-sicon-title\" style=\"font-size:16px;line-height:20px;color:#111111;\">B\u01af\u1edaC 2<\/h3><\/div> <!-- header --><div class=\"porto-sicon-description\" style=\"font-size:16px;line-height:20px;color:#111111;\">T\u00ecm ki\u1ebfm \u0111\u1ecba ch\u1ec9 g\u1ea7n nh\u1ea5t<\/div> <!-- description --><\/div> <!-- porto-sicon-box --><div class=\"porto-sicon-box  vc_custom_1594327734113 style_1 default-icon flex-wrap\"><div class=\"porto-sicon-default\"><div id=\"porto-icon-189536339069e49b936f1b4\" class=\"porto-just-icon-wrapper\" style=\"text-align:center;\">\n<div class=\"porto-sicon-img \" style=\"display:inline-block;font-size: 44px;\" >\n\t<img class=\"img-icon\" alt=\"\" src=\"https:\/\/tanadaithanh.vn\/kim-khi-gia-dung\/wp-content\/uploads\/sites\/3\/2020\/07\/mhtch-b3.png\" width=\"88\" height=\"88\" \/>\n<\/div><\/div><\/div><div class=\"porto-sicon-header\" ><h3 class=\"porto-sicon-title\" style=\"font-size:16px;line-height:20px;color:#111111;\">B\u01af\u1edaC 3<\/h3><\/div> <!-- header --><div class=\"porto-sicon-description\" style=\"font-size:16px;line-height:20px;color:#111111;\">\u0110\u1ebfn c\u1eeda h\u00e0ng &amp; mua h\u00e0ng<\/div> <!-- description --><\/div> <!-- porto-sicon-box -->[\/vc_column_inner][\/vc_row_inner][\/vc_column][\/vc_row]<\/p>\n","protected":false},"excerpt":{"rendered":"<p>[vc_row full_width=&#8221;stretch_row_content_no_spaces&#8221; css=&#8221;.vc_custom_1594278676277{margin-bottom: 61px !important;}&#8221;][vc_column][vc_single_image image=&#8221;4744&#8243;][\/vc_column][\/vc_row][vc_row][vc_column offset=&#8221;vc_col-lg-offset-1 vc_col-lg-10 vc_col-md-offset-0 vc_col-md-12&#8243;][vc_custom_heading text=&#8221;T\u01b0 v\u1ea5n mua h\u00e0ng&#8221; font_container=&#8221;tag:h2|font_size:54px|text_align:center|color:%2300a0e3|line_height:68px&#8221; text_transform=&#8221;text-uppercase&#8221; font_weight=&#8221;600&#8243; css=&#8221;.vc_custom_1594318570812{margin-bottom: 70px !important;}&#8221;][vc_row_inner][vc_column_inner el_class=&#8221;tu_van_col_left&#8221; width=&#8221;1\/2&#8243; css=&#8221;.vc_custom_1594326829349{margin-bottom: 40px !important;}&#8221;][vc_custom_heading text=&#8221;T\u01b0 v\u1ea5n&#8221; font_container=&#8221;tag:div|font_size:28px|text_align:left|color:%23111111|line_height:35px&#8221; text_transform=&#8221;text-uppercase&#8221; font_weight=&#8221;600&#8243; el_class=&#8221;tu_van_title&#8221;][vc_custom_heading text=&#8221;G\u1ecdi Hotline&#8221; font_container=&#8221;tag:div|font_size:20px|text_align:left|color:%23111111|line_height:25px&#8221; font_weight=&#8221;600&#8243; css=&#8221;.vc_custom_1594323335990{margin-bottom: 18px !important;}&#8221;][vc_raw_html css=&#8221;.vc_custom_1594321990075{margin-bottom: 38px !important;}&#8221;]JTNDZGl2JTIwY2xhc3MlM0QlMjJnb2ktaG90LWxpbmUlMjIlM0UlMEElMjAlMjAlMjAlMjAlM0NhJTIwJTIwaHJlZiUzRCUyMnRlbCUzQTE5MDA2MDg2JTIyJTIwY2xhc3MlM0QlMjJ0dl9waG9uZV9idHQlMjIlM0UlMEElMjAlMjAlMjAlMjAlMjAlMjAlMjAlMjAlM0NpJTIwY2xhc3MlM0QlMjJwb3J0by1pY29uLXBob25lJTIyJTNFJTNDJTJGaSUzRSUyMDE5MDAlMjA2MDg2JTBBJTIwJTIwJTIwJTIwJTNDJTJGYSUzRSUwQSUyMCUyMCUyMCUyMCUzQ2ElMjAlMjBocmVmJTNEJTIydGVsJTNBMDk4Njg2ODY4NSUyMiUyMGNsYXNzJTNEJTIydHZfcGhvbmVfYnR0JTIyJTNFJTBBJTIwJTIwJTIwJTIwJTIwJTIwJTIwJTIwJTNDaSUyMGNsYXNzJTNEJTIycG9ydG8taWNvbi1waG9uZSUyMiUzRSUzQyUyRmklM0UlMjAwOTg2JTIwODYlMjA4NiUyMDg1JTBBJTIwJTIwJTIwJTIwJTNDJTJGYSUzRSUwQSUzQyUyRmRpdiUzRQ==[\/vc_raw_html][vc_custom_heading text=&#8221;Nh\u1eadp th\u00f4ng tin&#8221; font_container=&#8221;tag:div|font_size:20px|text_align:left|color:%23111111|line_height:25px&#8221; font_weight=&#8221;600&#8243; css=&#8221;.vc_custom_1594323357074{margin-bottom: 24px !important;}&#8221;][vc_column_text][\/vc_column_text][\/vc_column_inner][vc_column_inner el_class=&#8221;tu_van_col_right&#8221; width=&#8221;1\/2&#8243;][vc_custom_heading text=&#8221;Mua h\u00e0ng&#8221; font_container=&#8221;tag:div|font_size:28px|text_align:left|color:%23111111|line_height:35px&#8221; text_transform=&#8221;text-uppercase&#8221; [&hellip;]<\/p>\n","protected":false},"author":1,"featured_media":3348,"parent":0,"menu_order":21,"comment_status":"closed","ping_status":"closed","template":"","meta":[],"_links":{"self":[{"href":"https:\/\/tanadaithanh.vn\/kim-khi-gia-dung\/wp-json\/wp\/v2\/pages\/73"}],"collection":[{"href":"https:\/\/tanadaithanh.vn\/kim-khi-gia-dung\/wp-json\/wp\/v2\/pages"}],"about":[{"href":"https:\/\/tanadaithanh.vn\/kim-khi-gia-dung\/wp-json\/wp\/v2\/types\/page"}],"author":[{"embeddable":true,"href":"https:\/\/tanadaithanh.vn\/kim-khi-gia-dung\/wp-json\/wp\/v2\/users\/1"}],"replies":[{"embeddable":true,"href":"https:\/\/tanadaithanh.vn\/kim-khi-gia-dung\/wp-json\/wp\/v2\/comments?post=73"}],"version-history":[{"count":56,"href":"https:\/\/tanadaithanh.vn\/kim-khi-gia-dung\/wp-json\/wp\/v2\/pages\/73\/revisions"}],"predecessor-version":[{"id":11298,"href":"https:\/\/tanadaithanh.vn\/kim-khi-gia-dung\/wp-json\/wp\/v2\/pages\/73\/revisions\/11298"}],"wp:featuredmedia":[{"embeddable":true,"href":"https:\/\/tanadaithanh.vn\/kim-khi-gia-dung\/wp-json\/wp\/v2\/media\/3348"}],"wp:attachment":[{"href":"https:\/\/tanadaithanh.vn\/kim-khi-gia-dung\/wp-json\/wp\/v2\/media?parent=73"}],"curies":[{"name":"wp","href":"https:\/\/api.w.org\/{rel}","templated":true}]}}