{"id":2651,"date":"2020-01-13T03:14:31","date_gmt":"2020-01-13T03:14:31","guid":{"rendered":"https:\/\/tanadaithanh.vn\/nhua-ong-nuoc\/?page_id=2651"},"modified":"2020-07-30T10:41:51","modified_gmt":"2020-07-30T03:41:51","slug":"gioi-thieu","status":"publish","type":"page","link":"https:\/\/tanadaithanh.vn\/nhua-ong-nuoc\/gioi-thieu\/","title":{"rendered":"Gi\u1edbi thi\u1ec7u"},"content":{"rendered":"<p>[vc_row el_class=&#8221;gthieu-pvcsv-wrapper&#8221; css=&#8221;.vc_custom_1592470803133{margin-bottom: 64px !important;}&#8221;][vc_column width=&#8221;3\/4&#8243; offset=&#8221;vc_col-lg-offset-0&#8243;][vc_custom_heading text=&#8221;Str\u00f6man Vi\u1ec7t Nam&#8221; font_container=&#8221;tag:h1|font_size:52px|text_align:center|color:%23006241|line_height:66px&#8221; text_transform=&#8221;text-uppercase&#8221; font_weight=&#8221;500&#8243; letter_spacing=&#8221;-0.02em&#8221; css=&#8221;.vc_custom_1596010710024{margin-top: 20px !important;margin-bottom: 25px !important;}&#8221;][vc_column_text]<span style=\"font-size: 18px;\">\u1ed0ng nh\u1ef1a Str\u00f6man ra \u0111\u1eddi t\u1eeb ngu\u1ed3n l\u1ef1c m\u1ea1nh m\u1ebd c\u00f9ng v\u1ecb th\u1ebf Th\u01b0\u01a1ng hi\u1ec7u qu\u1ed1c gia c\u1ee7a T\u1eadp \u0111o\u00e0n T\u00e2n \u00c1 \u0110\u1ea1i Th\u00e0nh, v\u1edbi s\u1ee9 m\u1ec7nh l\u00e0 ho\u00e0n thi\u1ec7n B\u1ed9 gi\u1ea3i ph\u00e1p t\u1ed5ng th\u1ec3 v\u1ec1 ngu\u1ed3n n\u01b0\u1edbc m\u00e0 t\u1eadp \u0111o\u00e0n \u0111ang theo \u0111u\u1ed5i. V\u1edbi t\u1ed5ng v\u1ed1n \u0111\u1ea7u t\u01b0 l\u00ean t\u1edbi h\u01a1n 3.000 t\u1ef7 \u0111\u1ed3ng, hai nh\u00e0 m\u00e1y s\u1ea3n xu\u1ea5t \u1ed1ng nh\u1ef1a Str\u00f6man t\u1ea1i H\u01b0ng Y\u00ean v\u00e0 Long An \u0111\u01b0\u1ee3c \u0111\u1ea7u t\u01b0 \u0111\u1ed3ng b\u1ed9 v\u00e0 v\u00f4 c\u00f9ng hi\u1ec7n \u0111\u1ea1i.<\/span><\/p>\n<p><span style=\"font-size: 18px;\">H\u1ec7 th\u1ed1ng c\u01a1 s\u1edf h\u1ea1 t\u1ea7ng ho\u00e0n thi\u1ec7n, d\u00e2y chuy\u1ec1n m\u00e1y m\u00f3c, trang thi\u1ebft b\u1ecb, c\u00f4ng ngh\u1ec7 100% nh\u1eadp kh\u1ea9u t\u1eeb Ch\u00e2u \u00c2u v\u00e0 nguy\u00ean li\u1ec7u s\u1eed d\u1ee5ng l\u00e0 100% nh\u1ef1a nguy\u00ean sinh, \u0111\u01b0\u1ee3c nh\u1eadp kh\u1ea9u ch\u00ednh h\u00e3ng t\u1eeb c\u00e1c t\u1eadp \u0111o\u00e0n h\u00e0ng \u0111\u1ea7u th\u1ebf gi\u1edbi. C\u00f9ng v\u1edbi \u0111\u00f3 l\u00e0 quy tr\u00ecnh qu\u1ea3n l\u00fd ch\u1ea5t l\u01b0\u1ee3ng \u0111\u01b0\u1ee3c \u00e1p d\u1ee5ng theo ti\u00eau chu\u1ea9n ISO 9001:2015 b\u1edfi c\u00e1c chuy\u00ean gia \u0110\u1ee9c. Nh\u00e0 m\u00e1y s\u1ea3n xu\u1ea5t \u1ed1ng nh\u1ef1a Stroman t\u1ef1 tin cam k\u1ebft cung c\u1ea5p ra th\u1ecb tr\u01b0\u1eddng nh\u1eefng s\u1ea3n ph\u1ea9m ch\u1ea5t l\u01b0\u1ee3ng t\u01b0\u01a1ng \u0111\u01b0\u01a1ng \u0111\u01b0\u1ee3c s\u1ea3n xu\u1ea5t t\u1ea1i CHLB \u0110\u1ee9c.<\/span><\/p>\n<p><span style=\"font-size: 18px;\">C\u00e1c s\u1ea3n ph\u1ea9m tr\u1ecdng t\u00e2m c\u1ee7a Str\u00f6man \u0111\u01b0\u1ee3c \u1ee9ng d\u1ee5ng \u0111a d\u1ea1ng cho m\u1ecdi c\u00f4ng tr\u00ecnh v\u00e0 m\u1ecdi nhu c\u1ea7u trong th\u1ef1c t\u1ebf t\u1eeb d\u00e2n d\u1ee5ng \u0111\u1ebfn c\u00f4ng nghi\u1ec7p nh\u01b0: h\u1ec7 th\u1ed1ng d\u1eabn n\u01b0\u1edbc cho d\u00e2n sinh, khu \u0111\u00f4 th\u1ecb; h\u1ec7 th\u1ed1ng d\u1eabn n\u01b0\u1edbc cho n\u00f4ng nghi\u1ec7p; h\u1ec7 th\u1ed1ng d\u1eabn ch\u1ea5t l\u1ecfng cho c\u00f4ng nghi\u1ec7p v\u00e0 x\u1eed l\u00fd n\u01b0\u1edbc th\u1ea3i.<\/span><\/p>\n<p><span style=\"font-size: 18px;\">Str\u00f6man Vi\u1ec7t Nam t\u1ef1 h\u00e0o l\u00e0 m\u1ed9t th\u00e0nh vi\u00ean c\u1ee7a T\u1eadp \u0111o\u00e0n T\u00e2n \u00c1 \u0110\u1ea1i Th\u00e0nh v\u00e0 \u0111\u00f3ng g\u00f3p to l\u1edbn v\u00e0o qu\u00e1 tr\u00ecnh hi\u1ec7n th\u1ef1c m\u1ee5c ti\u00eau \u201cPh\u1ed3n vinh cu\u1ed9c s\u1ed1ng Vi\u1ec7t\u201d.<\/span>[\/vc_column_text][\/vc_column][\/vc_row][vc_row][vc_column]\n                <div class=\"porfolio-cat-list layout_3 _wrapper\"  id=\"sp_gioi_thieu_page_wrapper\">\n                    <div class=\"swiper-container san_pham_tieu_bieu \" id=\"sp_gioi_thieu_page\">\n                        <div class=\"swiper-wrapper\">\n                            \n                    <div class=\"swiper-slide\">\n                        <div class=\"portfolio-item-wrapper\">\n                            <a href=\"https:\/\/tanadaithanh.vn\/nhua-ong-nuoc\/danh-muc\/ong-nhua-phu-kien-upvc\">\n                                <div class=\"pitem-image\"><img src=\"https:\/\/tanadaithanh.vn\/nhua-ong-nuoc\/wp-content\/uploads\/sites\/4\/2020\/07\/UPVC-scaled.jpg\" alt=\"\u1ea2nh b\u00eca UPVC\"  \/><\/div>\n                                <div class=\"pitem-title\">\u1ed0ng nh\u1ef1a v\u00e0 ph\u1ee5 ki\u1ec7n uPVC<\/div>\n                                <div class=\"pitem-desc\">\u0110\u01b0\u1ee3c s\u1ea3n xu\u1ea5t theo ti\u00eau chu\u1ea9n ISO 1452-2:2009 ( TCVN 8491-2:2011) v\u1edbi nh\u1eefng \u0111\u1eb7c t\u00ednh n\u1ed5i tr\u1ed9i: l\u00f2ng \u1ed1ng tr\u01a1n nh\u1eb5n, kh\u00f4ng b\u00e1m c\u1eb7n, ch\u1ed1ng \u0103n m\u00f2n, kh\u00f4ng b\u1ecb chi\u1ebft xu\u1ea5t kim lo\u1ea1i n\u1eb7ng<\/div>\n                                \n                            <\/a>\n                        <\/div>\n                        <a href=\"https:\/\/tanadaithanh.vn\/nhua-ong-nuoc\/danh-muc\/ong-nhua-phu-kien-upvc\" class=\"hover-info-bck hidden\">\n                            <div class=\"plus-icon\">Read more<\/div>\n                        <\/a>\n                    <\/div>\n                \n                    <div class=\"swiper-slide\">\n                        <div class=\"portfolio-item-wrapper\">\n                            <a href=\"https:\/\/tanadaithanh.vn\/nhua-ong-nuoc\/danh-muc\/ong-nhua-phu-kien-ppr\">\n                                <div class=\"pitem-image\"><img src=\"https:\/\/tanadaithanh.vn\/nhua-ong-nuoc\/wp-content\/uploads\/sites\/4\/2020\/07\/PPR-scaled.jpg\" alt=\"\u1ea2nh b\u00eca PPR\"  \/><\/div>\n                                <div class=\"pitem-title\">\u1ed0ng nh\u1ef1a v\u00e0 ph\u1ee5 ki\u1ec7n PP-R<\/div>\n                                <div class=\"pitem-desc\">\u0110\u01b0\u1ee3c s\u1ea3n xu\u1ea5t theo ti\u00eau chu\u1ea9n DIN 8077\/8078:2008 -09 v\u00e0 ISO 15874-2:2013 v\u1edbi kh\u1ea3 n\u0103ng ch\u1ecbu \u0111\u01b0\u1ee3c nhi\u1ec7t \u0111\u1ed9 l\u00ean \u0111\u1ebfn 90oC, kh\u00f4ng ch\u1ee9a kim lo\u1ea1i n\u1eb7ng v\u00e0 \u0111\u1ed9 b\u1ec1n l\u00ean \u0111\u1ebfn 50 n\u0103m<\/div>\n                                \n                            <\/a>\n                        <\/div>\n                        <a href=\"https:\/\/tanadaithanh.vn\/nhua-ong-nuoc\/danh-muc\/ong-nhua-phu-kien-ppr\" class=\"hover-info-bck hidden\">\n                            <div class=\"plus-icon\">Read more<\/div>\n                        <\/a>\n                    <\/div>\n                \n                    <div class=\"swiper-slide\">\n                        <div class=\"portfolio-item-wrapper\">\n                            <a href=\"https:\/\/tanadaithanh.vn\/nhua-ong-nuoc\/danh-muc\/ong-nhua-phu-kien-hdpe\">\n                                <div class=\"pitem-image\"><img src=\"https:\/\/tanadaithanh.vn\/nhua-ong-nuoc\/wp-content\/uploads\/sites\/4\/2020\/07\/\u1ea2nh-b\u00eca-HDPE-scaled.jpg\" alt=\"\u1ea2nh b\u00eca HDPE\"  \/><\/div>\n                                <div class=\"pitem-title\">\u1ed0ng nh\u1ef1a v\u00e0 ph\u1ee5 ki\u1ec7n HDPE<\/div>\n                                <div class=\"pitem-desc\">\u0110\u01b0\u1ee3c ki\u1ec3m so\u00e1t theo ti\u00eau chu\u1ea9n ISO 4427-2:2007, DIN 8075\/8074:2011-12 v\u1edbi kh\u1ea3 n\u0103ng ch\u1ecbu \u0111\u01b0\u1ee3c \u00e1p l\u1ef1c l\u1edbn, ch\u1ed1ng \u0103n m\u00f2n cao, an to\u00e0n v\u00e0 c\u1ef1c k\u1ef3 b\u1ec1n b\u1ec9<\/div>\n                                \n                            <\/a>\n                        <\/div>\n                        <a href=\"https:\/\/tanadaithanh.vn\/nhua-ong-nuoc\/danh-muc\/ong-nhua-phu-kien-hdpe\" class=\"hover-info-bck hidden\">\n                            <div class=\"plus-icon\">Read more<\/div>\n                        <\/a>\n                    <\/div>\n                \n                        <\/div>\n                    <\/div>\n                    <!--<div class=\"lvhd-button-prev\"><\/div>\n                    <div class=\"lvhd-button-next\"><\/div>-->\n                <\/div><script type=\"application\/javascript\">\n                    (function ($) {\n                        $(document).ready(function () {\n                            var sp_gioi_thieu_page = new Swiper(\"#sp_gioi_thieu_page\", {\n                                slidesPerView: 3,\n                                spaceBetween: 20,\n                                navigation: {\n                                    nextEl: \"#sp_gioi_thieu_page_wrapper .lvhd-button-next\",\n                                    prevEl: \"#sp_gioi_thieu_page_wrapper .lvhd-button-prev\",\n                                },\n                                breakpoints: {\n                                    \/\/ when window width is >= 320px\n                                    320: {\n                                        slidesPerView: 1.5,\n                                        spaceBetween: 10\n                                    },\n                                    \/\/ when window width is >= 767px\n                                    767: {\n                                        slidesPerView: 2.7,\n                                        spaceBetween: 10,\n                                    },\n                                    \/\/ when window width is >= 991px\n                                    991: {\n                                        slidesPerView: 3,\n                                        spaceBetween: 20\n                                    }\n                                },\n                            });\n                            \n                            $(\".nav-item\").each(function(){\n                                $(this).click(function(){\n                                    setTimeout(function(){ \n                                        sp_gioi_thieu_page.update();\n                                    }, 100);\n                                    \n                                });\n                            });\n                            \n                        });\n                    })(jQuery);\n                <\/script>\n       \n        [\/vc_column][\/vc_row]<\/p>\n","protected":false},"excerpt":{"rendered":"<p>[vc_row el_class=&#8221;gthieu-pvcsv-wrapper&#8221; css=&#8221;.vc_custom_1592470803133{margin-bottom: 64px !important;}&#8221;][vc_column width=&#8221;3\/4&#8243; offset=&#8221;vc_col-lg-offset-0&#8243;][vc_custom_heading text=&#8221;Str\u00f6man Vi\u1ec7t Nam&#8221; font_container=&#8221;tag:h1|font_size:52px|text_align:center|color:%23006241|line_height:66px&#8221; text_transform=&#8221;text-uppercase&#8221; font_weight=&#8221;500&#8243; letter_spacing=&#8221;-0.02em&#8221; css=&#8221;.vc_custom_1596010710024{margin-top: 20px !important;margin-bottom: 25px !important;}&#8221;][vc_column_text]\u1ed0ng nh\u1ef1a Str\u00f6man ra \u0111\u1eddi t\u1eeb ngu\u1ed3n l\u1ef1c m\u1ea1nh m\u1ebd c\u00f9ng v\u1ecb th\u1ebf Th\u01b0\u01a1ng hi\u1ec7u qu\u1ed1c gia c\u1ee7a T\u1eadp \u0111o\u00e0n T\u00e2n \u00c1 \u0110\u1ea1i Th\u00e0nh, v\u1edbi s\u1ee9 m\u1ec7nh l\u00e0 ho\u00e0n thi\u1ec7n B\u1ed9 gi\u1ea3i ph\u00e1p t\u1ed5ng th\u1ec3 v\u1ec1 ngu\u1ed3n [&hellip;]<\/p>\n","protected":false},"author":1,"featured_media":3348,"parent":0,"menu_order":9,"comment_status":"closed","ping_status":"closed","template":"","meta":[],"_links":{"self":[{"href":"https:\/\/tanadaithanh.vn\/nhua-ong-nuoc\/wp-json\/wp\/v2\/pages\/2651"}],"collection":[{"href":"https:\/\/tanadaithanh.vn\/nhua-ong-nuoc\/wp-json\/wp\/v2\/pages"}],"about":[{"href":"https:\/\/tanadaithanh.vn\/nhua-ong-nuoc\/wp-json\/wp\/v2\/types\/page"}],"author":[{"embeddable":true,"href":"https:\/\/tanadaithanh.vn\/nhua-ong-nuoc\/wp-json\/wp\/v2\/users\/1"}],"replies":[{"embeddable":true,"href":"https:\/\/tanadaithanh.vn\/nhua-ong-nuoc\/wp-json\/wp\/v2\/comments?post=2651"}],"version-history":[{"count":102,"href":"https:\/\/tanadaithanh.vn\/nhua-ong-nuoc\/wp-json\/wp\/v2\/pages\/2651\/revisions"}],"predecessor-version":[{"id":4668,"href":"https:\/\/tanadaithanh.vn\/nhua-ong-nuoc\/wp-json\/wp\/v2\/pages\/2651\/revisions\/4668"}],"wp:featuredmedia":[{"embeddable":true,"href":"https:\/\/tanadaithanh.vn\/nhua-ong-nuoc\/wp-json\/wp\/v2\/media\/3348"}],"wp:attachment":[{"href":"https:\/\/tanadaithanh.vn\/nhua-ong-nuoc\/wp-json\/wp\/v2\/media?parent=2651"}],"curies":[{"name":"wp","href":"https:\/\/api.w.org\/{rel}","templated":true}]}}