{"id":2651,"date":"2020-01-13T03:14:31","date_gmt":"2020-01-13T03:14:31","guid":{"rendered":"https:\/\/tanadaithanh.vn\/son-va-hoa-chat\/?page_id=2651"},"modified":"2021-08-12T17:26:21","modified_gmt":"2021-08-12T10:26:21","slug":"gioi-thieu","status":"publish","type":"page","link":"https:\/\/tanadaithanh.vn\/son-va-hoa-chat\/gioi-thieu\/","title":{"rendered":"Gi\u1edbi thi\u1ec7u"},"content":{"rendered":"<p>[vc_row el_class=&#8221;gthieu-pvcsv-wrapper&#8221; css=&#8221;.vc_custom_1592470803133{margin-bottom: 64px !important;}&#8221;][vc_column width=&#8221;3\/4&#8243; offset=&#8221;vc_col-lg-offset-0&#8243;][vc_custom_heading text=&#8221;S\u01a1n iPaint&#8221; font_container=&#8221;tag:h1|font_size:52px|text_align:center|color:%231d3d6f|line_height:66px&#8221; font_weight=&#8221;500&#8243; letter_spacing=&#8221;-0.02em&#8221; css=&#8221;.vc_custom_1596818437216{margin-top: 20px !important;margin-bottom: 25px !important;}&#8221;][vc_column_text]<span style=\"font-size: 19px;\">V\u1edbi s\u1ee9 m\u1ec7nh \u201cPh\u1ed3n vinh cu\u1ed9c s\u1ed1ng Vi\u1ec7t\u201d, T\u1eadp \u0111o\u00e0n T\u00e2n \u00c1 \u0110\u1ea1i Th\u00e0nh \u0111\u00e3 cho ra m\u1eaft th\u01b0\u01a1ng hi\u1ec7u s\u01a1n iPaint nh\u1eb1m cung c\u1ea5p cho th\u1ecb tr\u01b0\u1eddng Vi\u1ec7t Nam c\u00e1c s\u1ea3n ph\u1ea9m s\u01a1n n\u1ed9i \u2013 ngo\u1ea1i th\u1ea5t ch\u1ea5t l\u01b0\u1ee3ng cao, m\u00e0u s\u1eafc \u0111a d\u1ea1ng, ph\u00f9 h\u1ee3p v\u1edbi kh\u00ed h\u1eadu, g\u00f3p ph\u1ea7n thay th\u1ebf c\u00e1c s\u1ea3n ph\u1ea9m s\u01a1n ngo\u1ea1i nh\u1eadp.<\/span><\/p>\n<p><span style=\"font-size: 19px;\">Nh\u00e0 m\u00e1y s\u01a1n iPaint \u0111\u01b0\u1ee3c \u0111\u1eb7t t\u1ea1i huy\u1ec7n M\u1ef9 H\u00e0o, H\u01b0ng Y\u00ean v\u1edbi di\u1ec7n t\u00edch 30.000m2, t\u1ed5ng c\u00f4ng su\u1ea5t thi\u1ebft k\u1ebf tr\u00ean 10,000 t\u1ea5n\/n\u0103m. S\u01a1n iPaint \u0111\u01b0\u1ee3c ph\u00e1t tri\u1ec3n tr\u00ean n\u1ec1n t\u1ea3ng b\u1ec1n v\u1eefng c\u00f9ng nh\u1eefng th\u1ebf m\u1ea1nh ch\u1ee7 ch\u1ed1t bao g\u1ed3m:<\/span><\/p>\n<ul>\n<li><span style=\"font-size: 19px;\">H\u1ec7 m\u00e0u \u0111a d\u1ea1ng c\u00f9ng t\u00ednh \u1ee9ng d\u1ee5ng cao.<\/span><\/li>\n<li><span style=\"font-size: 19px;\">Nguy\u00ean li\u1ec7u cao c\u1ea5p nh\u1eadp kh\u1ea9u \u0111\u1ea1t ti\u00eau chu\u1ea9n ISO 9001 \u2013 2015 th\u00e2n thi\u1ec7n v\u1edbi m\u00f4i tr\u01b0\u1eddng.<\/span><\/li>\n<li><span style=\"font-size: 19px;\">H\u1ec7 th\u1ed1ng m\u00e1y m\u00f3c, d\u00e2y chuy\u1ec1n hi\u1ec7n \u0111\u1ea1i \u0111\u1ed3ng b\u1ed9 \u0111\u01b0\u1ee3c nh\u1eadp kh\u1ea9u tr\u1ef1c ti\u1ebfp t\u1eeb T\u00e2y Ban Nha.<\/span><\/li>\n<li><span style=\"font-size: 19px;\">V\u1eadn h\u00e0nh ho\u00e0n to\u00e0n t\u1ef1 \u0111\u1ed9ng (t\u1eeb kh\u00e2u nh\u1eadp li\u1ec7u kh\u00e9p k\u00edn cho t\u1edbi khi th\u00e0nh ph\u1ea9m).<\/span><\/li>\n<\/ul>\n<p><span style=\"font-size: 19px;\">\u1ee8ng d\u1ee5ng c\u00f4ng ngh\u1ec7 cao v\u00e0o s\u1ea3n xu\u1ea5t, s\u01a1n iPaint l\u00e0 s\u1ea3n ph\u1ea9m \u0111\u01b0\u1ee3c t\u00edch h\u1ee3p c\u00e1c t\u00ednh n\u0103ng \u01b0u vi\u1ec7t nh\u01b0 t\u0103ng c\u01b0\u1eddng \u0111\u1ed9 ph\u1ee7, \u0111\u1ed9 m\u1ecbn; ch\u1ed1ng th\u1ea5m v\u00e0 ng\u0103n ng\u1eeba r\u00eau m\u1ed1c; ch\u1ed1ng tia UV v\u00e0 ng\u0103n ch\u1eb7n s\u1ef1 l\u00e3o h\u00f3a c\u1ee7a m\u00e0ng s\u01a1n&#8230; Nh\u1edd v\u1eady, b\u1ec1 m\u1eb7t c\u00e1c c\u00f4ng tr\u00ecnh s\u1eed d\u1ee5ng s\u01a1n iPaint kh\u00f4ng ch\u1ec9 c\u00f3 s\u1eafc m\u00e0u b\u1ec1n \u0111\u1eb9p m\u00e0 c\u00f2n c\u00f3 kh\u1ea3 n\u0103ng kh\u00e1ng khu\u1ea9n, ch\u1ed1ng b\u00e1m b\u1ea9n, ch\u00f9i r\u1eeda t\u1ed1i \u0111a v\u00e0 b\u1ea3o v\u1ec7 s\u1ee9c kh\u1ecfe con ng\u01b0\u1eddi. \u0110\u1eb7c bi\u1ec7t, s\u01a1n iPaint \u0111\u00e3 \u0111\u01b0\u1ee3c nhi\u1ec7t \u0111\u1edbi h\u00f3a \u0111\u1ec3 ph\u00f9 h\u1ee3p v\u1edbi \u0111i\u1ec1u ki\u1ec7n th\u1eddi ti\u1ebft, kh\u00ed h\u1eadu n\u00f3ng \u1ea9m c\u1ee7a Vi\u1ec7t Nam.<\/span>[\/vc_column_text][\/vc_column][\/vc_row][vc_row content_placement=&#8221;middle&#8221; text_align=&#8221;center&#8221;][vc_column text_align=&#8221;center&#8221;]\n                <div class=\"porfolio-cat-list layout_3 _wrapper\"  id=\"sp_gioi_thieu_page_wrapper\">\n                    <div class=\"swiper-container san_pham_tieu_bieu \" id=\"sp_gioi_thieu_page\">\n                        <div class=\"swiper-wrapper\">\n                            \n                    <div class=\"swiper-slide\">\n                        <div class=\"portfolio-item-wrapper\">\n                            <a href=\"https:\/\/tanadaithanh.vn\/son-va-hoa-chat\/danh-muc\/son-phu\">\n                                <div class=\"pitem-image\"><img src=\"https:\/\/tanadaithanh.vn\/son-va-hoa-chat\/wp-content\/uploads\/sites\/6\/2020\/10\/IMP-EG09.png\" alt=\"\"  \/><\/div>\n                                <div class=\"pitem-title\">S\u01a1n ph\u1ee7<\/div>\n                                <div class=\"pitem-desc\">V\u1edbi c\u00f4ng th\u1ee9c \u0111\u1eb7c bi\u1ec7t, an to\u00e0n v\u00e0 h\u01b0\u01a1ng th\u01a1m d\u1ec5 ch\u1ecbu, s\u01a1n ph\u1ee7 n\u1ed9i - ngo\u1ea1i th\u1ea5t iPaint mang \u0111\u1ebfn v\u1ebb \u0111\u1eb9p ho\u00e0n h\u1ea3o cho ng\u00f4i nh\u00e0 c\u1ee7a b\u1ea1n.<\/div>\n                                \n                            <\/a>\n                        <\/div>\n                        <a href=\"https:\/\/tanadaithanh.vn\/son-va-hoa-chat\/danh-muc\/son-phu\" class=\"hover-info-bck hidden\">\n                            <div class=\"plus-icon\">Read more<\/div>\n                        <\/a>\n                    <\/div>\n                \n                    <div class=\"swiper-slide\">\n                        <div class=\"portfolio-item-wrapper\">\n                            <a href=\"https:\/\/tanadaithanh.vn\/son-va-hoa-chat\/danh-muc\/son-lot\">\n                                <div class=\"pitem-image\"><img src=\"https:\/\/tanadaithanh.vn\/son-va-hoa-chat\/wp-content\/uploads\/sites\/6\/2020\/10\/Imperia-Son-Lot-khang-kiem-Noi-that_18L.png\" alt=\"\"  \/><\/div>\n                                <div class=\"pitem-title\">S\u01a1n l\u00f3t<\/div>\n                                <div class=\"pitem-desc\">S\u01a1n l\u00f3t n\u1ed9i - ngo\u1ea1i th\u1ea5t cao c\u1ea5p iPaint v\u1edbi c\u00f4ng ngh\u1ec7 \u0111\u1ed9t ph\u00e1, c\u00f3 kh\u1ea3 n\u0103ng kh\u00e1ng khu\u1ea9n, ch\u1ed1ng n\u1ea5m m\u1ed1c, ch\u1ed1ng th\u1ea5m v\u00e0 ng\u0103n tia UV<\/div>\n                                \n                            <\/a>\n                        <\/div>\n                        <a href=\"https:\/\/tanadaithanh.vn\/son-va-hoa-chat\/danh-muc\/son-lot\" class=\"hover-info-bck hidden\">\n                            <div class=\"plus-icon\">Read more<\/div>\n                        <\/a>\n                    <\/div>\n                \n                    <div class=\"swiper-slide\">\n                        <div class=\"portfolio-item-wrapper\">\n                            <a href=\"https:\/\/tanadaithanh.vn\/son-va-hoa-chat\/danh-muc\/son-chong-tham\">\n                                <div class=\"pitem-image\"><img src=\"https:\/\/tanadaithanh.vn\/son-va-hoa-chat\/wp-content\/uploads\/sites\/6\/2020\/10\/Imperia-Son-chong-tham_18L.png\" alt=\"\"  \/><\/div>\n                                <div class=\"pitem-title\">S\u01a1n ch\u1ed1ng th\u1ea5m<\/div>\n                                <div class=\"pitem-desc\">S\u01a1n ch\u1ed1ng th\u1ea5m iPaint c\u00f3 t\u00e1c d\u1ee5ng ng\u0103n ch\u1eb7n s\u1ef1 th\u1ea5m n\u01b0\u1edbc t\u1eeb ngo\u00e0i v\u00e0o b\u1ec1 m\u1eb7t m\u00e0 v\u1eabn c\u00f3 kh\u1ea3 n\u0103ng b\u1ed1c h\u01a1i n\u01b0\u1edbc d\u1ec5 d\u00e0ng.<\/div>\n                                \n                            <\/a>\n                        <\/div>\n                        <a href=\"https:\/\/tanadaithanh.vn\/son-va-hoa-chat\/danh-muc\/son-chong-tham\" class=\"hover-info-bck hidden\">\n                            <div class=\"plus-icon\">Read more<\/div>\n                        <\/a>\n                    <\/div>\n                \n                    <div class=\"swiper-slide\">\n                        <div class=\"portfolio-item-wrapper\">\n                            <a href=\"https:\/\/tanadaithanh.vn\/son-va-hoa-chat\/danh-muc\/bot-ba\">\n                                <div class=\"pitem-image\"><img src=\"https:\/\/tanadaithanh.vn\/son-va-hoa-chat\/wp-content\/uploads\/sites\/6\/2020\/10\/Free-Flour-Paper-Bag-Packaging-Mockup.png\" alt=\"\"  \/><\/div>\n                                <div class=\"pitem-title\">B\u1ed9t b\u1ea3<\/div>\n                                <div class=\"pitem-desc\">B\u1ed9t b\u1ea3 iPaint l\u00e0 s\u1ea3n ph\u1ea9m b\u1ed9t b\u1ea3 cao c\u1ea5p, t\u1ea1o b\u1ec1 m\u1eb7t t\u01b0\u1eddng nh\u1eb5n m\u1ecbn, gi\u00fap ti\u1ebft ki\u1ec7m s\u01a1n, l\u00e0m cho l\u1edbp s\u01a1n ph\u1ee7 \u0111\u1eb9p ho\u00e0n h\u1ea3o<\/div>\n                                \n                            <\/a>\n                        <\/div>\n                        <a href=\"https:\/\/tanadaithanh.vn\/son-va-hoa-chat\/danh-muc\/bot-ba\" class=\"hover-info-bck hidden\">\n                            <div class=\"plus-icon\">Read more<\/div>\n                        <\/a>\n                    <\/div>\n                \n                        <\/div>\n                    <\/div>\n                    <!--<div class=\"lvhd-button-prev\"><\/div>\n                    <div class=\"lvhd-button-next\"><\/div>-->\n                <\/div><script type=\"application\/javascript\">\n                    (function ($) {\n                        $(document).ready(function () {\n                            var sp_gioi_thieu_page = new Swiper(\"#sp_gioi_thieu_page\", {\n                                slidesPerView: 4,\n                                spaceBetween: 20,\n                                navigation: {\n                                    nextEl: \"#sp_gioi_thieu_page_wrapper .lvhd-button-next\",\n                                    prevEl: \"#sp_gioi_thieu_page_wrapper .lvhd-button-prev\",\n                                },\n                                breakpoints: {\n                                    \/\/ when window width is >= 320px\n                                    320: {\n                                        slidesPerView: 1.5,\n                                        spaceBetween: 10\n                                    },\n                                    \/\/ when window width is >= 767px\n                                    767: {\n                                        slidesPerView: 2.7,\n                                        spaceBetween: 10,\n                                    },\n                                    \/\/ when window width is >= 991px\n                                    991: {\n                                        slidesPerView: 4,\n                                        spaceBetween: 20\n                                    }\n                                },\n                            });\n                            \n                            $(\".nav-item\").each(function(){\n                                $(this).click(function(){\n                                    setTimeout(function(){ \n                                        sp_gioi_thieu_page.update();\n                                    }, 100);\n                                    \n                                });\n                            });\n                            \n                        });\n                    })(jQuery);\n                <\/script>\n       \n        [\/vc_column][\/vc_row]<\/p>\n","protected":false},"excerpt":{"rendered":"<p>[vc_row el_class=&#8221;gthieu-pvcsv-wrapper&#8221; css=&#8221;.vc_custom_1592470803133{margin-bottom: 64px !important;}&#8221;][vc_column width=&#8221;3\/4&#8243; offset=&#8221;vc_col-lg-offset-0&#8243;][vc_custom_heading text=&#8221;S\u01a1n iPaint&#8221; font_container=&#8221;tag:h1|font_size:52px|text_align:center|color:%231d3d6f|line_height:66px&#8221; font_weight=&#8221;500&#8243; letter_spacing=&#8221;-0.02em&#8221; css=&#8221;.vc_custom_1596818437216{margin-top: 20px !important;margin-bottom: 25px !important;}&#8221;][vc_column_text]V\u1edbi s\u1ee9 m\u1ec7nh \u201cPh\u1ed3n vinh cu\u1ed9c s\u1ed1ng Vi\u1ec7t\u201d, T\u1eadp \u0111o\u00e0n T\u00e2n \u00c1 \u0110\u1ea1i Th\u00e0nh \u0111\u00e3 cho ra m\u1eaft th\u01b0\u01a1ng hi\u1ec7u s\u01a1n iPaint nh\u1eb1m cung c\u1ea5p cho th\u1ecb tr\u01b0\u1eddng Vi\u1ec7t Nam c\u00e1c s\u1ea3n ph\u1ea9m s\u01a1n n\u1ed9i \u2013 ngo\u1ea1i th\u1ea5t ch\u1ea5t [&hellip;]<\/p>\n","protected":false},"author":1,"featured_media":3348,"parent":0,"menu_order":7,"comment_status":"closed","ping_status":"closed","template":"","meta":[],"_links":{"self":[{"href":"https:\/\/tanadaithanh.vn\/son-va-hoa-chat\/wp-json\/wp\/v2\/pages\/2651"}],"collection":[{"href":"https:\/\/tanadaithanh.vn\/son-va-hoa-chat\/wp-json\/wp\/v2\/pages"}],"about":[{"href":"https:\/\/tanadaithanh.vn\/son-va-hoa-chat\/wp-json\/wp\/v2\/types\/page"}],"author":[{"embeddable":true,"href":"https:\/\/tanadaithanh.vn\/son-va-hoa-chat\/wp-json\/wp\/v2\/users\/1"}],"replies":[{"embeddable":true,"href":"https:\/\/tanadaithanh.vn\/son-va-hoa-chat\/wp-json\/wp\/v2\/comments?post=2651"}],"version-history":[{"count":102,"href":"https:\/\/tanadaithanh.vn\/son-va-hoa-chat\/wp-json\/wp\/v2\/pages\/2651\/revisions"}],"predecessor-version":[{"id":5382,"href":"https:\/\/tanadaithanh.vn\/son-va-hoa-chat\/wp-json\/wp\/v2\/pages\/2651\/revisions\/5382"}],"wp:featuredmedia":[{"embeddable":true,"href":"https:\/\/tanadaithanh.vn\/son-va-hoa-chat\/wp-json\/wp\/v2\/media\/3348"}],"wp:attachment":[{"href":"https:\/\/tanadaithanh.vn\/son-va-hoa-chat\/wp-json\/wp\/v2\/media?parent=2651"}],"curies":[{"name":"wp","href":"https:\/\/api.w.org\/{rel}","templated":true}]}}