{"id":73,"date":"2016-06-14T06:15:58","date_gmt":"2016-06-14T06:15:58","guid":{"rendered":"http:\/\/sw-themes.com\/porto_dummy\/?page_id=73"},"modified":"2021-08-12T17:26:08","modified_gmt":"2021-08-12T10:26:08","slug":"tu-van-mua-hang","status":"publish","type":"page","link":"https:\/\/tanadaithanh.vn\/son-va-hoa-chat\/tu-van-mua-hang\/","title":{"rendered":"T\u01b0 v\u1ea5n mua h\u00e0ng"},"content":{"rendered":"<p>[vc_row full_width=&#8221;stretch_row_content_no_spaces&#8221; css=&#8221;.vc_custom_1594278676277{margin-bottom: 61px !important;}&#8221;][vc_column][vc_single_image image=&#8221;5379&#8243; alignment=&#8221;center&#8221; style=&#8221;vc_box_rounded&#8221; animation_type=&#8221;shake&#8221; label=&#8221;&#8221;][\/vc_column][\/vc_row][vc_row][vc_column offset=&#8221;vc_col-lg-offset-1 vc_col-lg-10 vc_col-md-offset-0 vc_col-md-12&#8243;][vc_custom_heading text=&#8221;T\u01b0 v\u1ea5n v\u00e0 h\u01b0\u1edbng d\u1eabn mua h\u00e0ng&#8221; font_container=&#8221;tag:h2|font_size:45px|text_align:center|color:%231d3d6f|line_height:50px&#8221; text_transform=&#8221;text-uppercase&#8221; font_weight=&#8221;400&#8243; css=&#8221;.vc_custom_1595911759983{margin-bottom: 70px !important;}&#8221;][vc_row_inner][vc_column_inner el_class=&#8221;tu_van_col_left&#8221; width=&#8221;1\/2&#8243; css=&#8221;.vc_custom_1594326829349{margin-bottom: 40px !important;}&#8221;][vc_custom_heading text=&#8221;T\u01b0 v\u1ea5n&#8221; font_container=&#8221;tag:div|font_size:28px|text_align:left|color:%231d3d6f|line_height:35px&#8221; text_transform=&#8221;text-uppercase&#8221; font_weight=&#8221;100&#8243; el_class=&#8221;tu_van_title&#8221;][vc_custom_heading text=&#8221;G\u1ecdi tr\u1ef1c ti\u1ebfp \u0111\u1ebfn T\u1ed5ng \u0111\u00e0i ho\u1eb7c Hotline:&#8221; font_container=&#8221;tag:div|font_size:20px|text_align:left|color:%23111111|line_height:25px&#8221; font_weight=&#8221;600&#8243; css=&#8221;.vc_custom_1594626343000{margin-bottom: 18px !important;}&#8221; animation_type=&#8221;bounceIn&#8221;][vc_raw_html css=&#8221;.vc_custom_1594321990075{margin-bottom: 38px !important;}&#8221;]JTNDZGl2JTIwY2xhc3MlM0QlMjJnb2ktaG90LWxpbmUlMjIlM0UlMEElMjAlMjAlMjAlMjAlM0NhJTIwJTIwaHJlZiUzRCUyMnRlbCUzQTE5MDA2MDg2JTIyJTIwY2xhc3MlM0QlMjJ0dl9waG9uZV9idHQlMjIlM0UlMEElMjAlMjAlMjAlMjAlMjAlMjAlMjAlMjAlM0NpJTIwY2xhc3MlM0QlMjJwb3J0by1pY29uLXBob25lJTIyJTNFJTNDJTJGaSUzRSUyMDE5MDAlMjA2MDg2JTBBJTIwJTIwJTIwJTIwJTNDJTJGYSUzRSUwQSUyMCUyMCUyMCUyMCUzQ2ElMjAlMjBocmVmJTNEJTIydGVsJTNBMDk4Njg2ODY4NSUyMiUyMGNsYXNzJTNEJTIydHZfcGhvbmVfYnR0JTIyJTNFJTBBJTIwJTIwJTIwJTIwJTIwJTIwJTIwJTIwJTNDaSUyMGNsYXNzJTNEJTIycG9ydG8taWNvbi1waG9uZSUyMiUzRSUzQyUyRmklM0UlMjAwOTg2JTIwODYlMjA4NiUyMDg1JTBBJTIwJTIwJTIwJTIwJTNDJTJGYSUzRSUwQSUzQyUyRmRpdiUzRQ==[\/vc_raw_html][vc_custom_heading text=&#8221;\u0110\u1ec3 l\u1ea1i th\u00f4ng tin li\u00ean h\u1ec7 \u0111\u1ec3 \u0111\u01b0\u1ee3c t\u01b0 v\u1ea5n:&#8221; font_container=&#8221;tag:div|font_size:20px|text_align:left|color:%23111111|line_height:25px&#8221; font_weight=&#8221;600&#8243; css=&#8221;.vc_custom_1594626304742{margin-bottom: 24px !important;}&#8221; animation_type=&#8221;bounceIn&#8221;][vc_column_text]<div role=\"form\" class=\"wpcf7\" id=\"wpcf7-f4148-o1\" lang=\"vi\" dir=\"ltr\">\n<div class=\"screen-reader-response\"><p role=\"status\" aria-live=\"polite\" aria-atomic=\"true\"><\/p> <ul><\/ul><\/div>\n<form action=\"\/son-va-hoa-chat\/wp-json\/wp\/v2\/pages\/73#wpcf7-f4148-o1\" method=\"post\" class=\"wpcf7-form init o2o_form_2c539b59fbd04b348b9c057f02c6c2ac\" novalidate=\"novalidate\" data-status=\"init\">\n<div style=\"display: none;\">\n<input type=\"hidden\" name=\"_wpcf7\" value=\"4148\" \/>\n<input type=\"hidden\" name=\"_wpcf7_version\" value=\"5.3.1\" \/>\n<input type=\"hidden\" name=\"_wpcf7_locale\" value=\"vi\" \/>\n<input type=\"hidden\" name=\"_wpcf7_unit_tag\" value=\"wpcf7-f4148-o1\" \/>\n<input type=\"hidden\" name=\"_wpcf7_container_post\" value=\"0\" \/>\n<input type=\"hidden\" name=\"_wpcf7_posted_data_hash\" value=\"\" \/>\n<\/div>\n<div class=\"tu_van_form\">\n<label> H\u1ecd t\u00ean<br \/>\n    <span class=\"wpcf7-form-control-wrap your-name\"><input type=\"text\" name=\"your-name\" value=\"\" size=\"40\" class=\"wpcf7-form-control wpcf7-text wpcf7-validates-as-required o2o-fullName\" aria-required=\"true\" aria-invalid=\"false\" \/><\/span> <\/label><br \/>\n<label> S\u1ed1 \u0111i\u1ec7n tho\u1ea1i<br \/>\n    <span class=\"wpcf7-form-control-wrap so_dien_thoai\"><input type=\"tel\" name=\"so_dien_thoai\" value=\"\" size=\"40\" class=\"wpcf7-form-control wpcf7-text wpcf7-tel wpcf7-validates-as-required wpcf7-validates-as-tel o2o-phone\" aria-required=\"true\" aria-invalid=\"false\" \/><\/span> <\/label><br \/>\n<label> \u0110\u1ecba ch\u1ec9<br \/>\n    <span class=\"wpcf7-form-control-wrap dia_chi\"><input type=\"text\" name=\"dia_chi\" value=\"\" size=\"40\" class=\"wpcf7-form-control wpcf7-text wpcf7-validates-as-required o2o-address\" aria-required=\"true\" aria-invalid=\"false\" \/><\/span> <\/label><br \/>\n<label> S\u1ea3n ph\u1ea9m quan t\u00e2m<br \/>\n    <span class=\"wpcf7-form-control-wrap san_pham_quan_tam\"><select name=\"san_pham_quan_tam\" class=\"wpcf7-form-control wpcf7-select o2o-note\" aria-invalid=\"false\"><option value=\"- Ch\u1ecdn s\u1ea3n ph\u1ea9m -\">- Ch\u1ecdn s\u1ea3n ph\u1ea9m -<\/option><option value=\"S\u01a1n ph\u1ee7\">S\u01a1n ph\u1ee7<\/option><option value=\"S\u01a1n l\u00f3t\">S\u01a1n l\u00f3t<\/option><option value=\"S\u01a1n ch\u1ed1ng th\u1ea5m\">S\u01a1n ch\u1ed1ng th\u1ea5m<\/option><option value=\"B\u1ed9t b\u1ea3\">B\u1ed9t b\u1ea3<\/option><\/select><\/span> <\/label><\/p>\n<div class=\"tv_submit_wrapper\"><input type=\"submit\" value=\"G\u1eedi Th\u00f4ng Tin\" class=\"wpcf7-form-control wpcf7-submit\" \/><\/div>\n<\/div>\n<div class=\"wpcf7-response-output\" aria-hidden=\"true\"><\/div><\/form><\/div>[\/vc_column_text][\/vc_column_inner][vc_column_inner el_class=&#8221;tu_van_col_right&#8221; width=&#8221;1\/2&#8243;][vc_custom_heading text=&#8221;Mua h\u00e0ng&#8221; font_container=&#8221;tag:div|font_size:28px|text_align:left|color:%231d3d6f|line_height:35px&#8221; text_transform=&#8221;text-uppercase&#8221; font_weight=&#8221;100&#8243; el_class=&#8221;tu_van_title&#8221;][vc_custom_heading text=&#8221;Mua h\u00e0ng tr\u1ef1c tuy\u1ebfn&#8221; font_container=&#8221;tag:div|font_size:20px|text_align:left|color:%23000000|line_height:25px&#8221; text_transform=&#8221;text-capitalize&#8221; font_weight=&#8221;600&#8243; css=&#8221;.vc_custom_1594623791505{margin-bottom: 38px !important;}&#8221; animation_type=&#8221;bounceIn&#8221;]<div class=\"porto-sicon-box  vc_custom_1597817862449 style_1 default-icon flex-wrap\"><div class=\"porto-sicon-default\"><div id=\"porto-icon-96940528569decb2895204\" class=\"porto-just-icon-wrapper\" style=\"text-align:center;\">\n<div class=\"porto-sicon-img \" style=\"display:inline-block;font-size: 44px;\" data-appear-animation=\"pulse\">\n\t<img class=\"img-icon\" alt=\"icon mua h\u00e0ng 3\" src=\"https:\/\/tanadaithanh.vn\/son-va-hoa-chat\/wp-content\/uploads\/sites\/6\/2020\/07\/b1.png\" width=\"88\" height=\"88\" \/>\n<\/div><\/div><\/div><div class=\"porto-sicon-header\" ><h3 class=\"porto-sicon-title\" style=\"font-size:16px;line-height:20px;color:#111111;\">B\u01af\u1edaC 1<\/h3><\/div> <!-- header --><div class=\"porto-sicon-description\" style=\"font-size:16px;line-height:20px;color:#111111;\">Truy c\u1eadp website b\u00e1n h\u00e0ng ch\u00ednh th\u1ee9c:<\/p>\n<ul>\n<li><span style=\"font-size: 15px;\">Mi\u1ec1n B\u1eafc (t\u1eeb B\u00ecnh \u0110\u1ecbnh tr\u1edf ra): <a href=\"https:\/\/tanaonline.vn\/\">tanaonline.vn<\/a><\/span><\/li>\n<li><span style=\"font-size: 15px;\">Mi\u1ec1n Nam (t\u1eeb Ph\u00fa Y\u00ean tr\u1edf v\u00e0o): <a href=\"https:\/\/www.daithanhgroup.vn\/\">daithanhgroup.vn<\/a><\/span><\/li>\n<\/ul>\n<p><\/div> <!-- description --><\/div> <!-- porto-sicon-box --><div class=\"porto-sicon-box  vc_custom_1594624541992 style_1 default-icon flex-wrap\"><div class=\"porto-sicon-default\"><div id=\"porto-icon-191273992969decb2895794\" class=\"porto-just-icon-wrapper\" style=\"text-align:center;\">\n<div class=\"porto-sicon-img \" style=\"display:inline-block;font-size: 44px;\" data-appear-animation=\"pulse\">\n\t<img class=\"img-icon\" alt=\"icon mua h\u00e0ng 2\" src=\"https:\/\/tanadaithanh.vn\/son-va-hoa-chat\/wp-content\/uploads\/sites\/6\/2020\/07\/b2.png\" width=\"88\" height=\"88\" \/>\n<\/div><\/div><\/div><div class=\"porto-sicon-header\" ><h3 class=\"porto-sicon-title\" style=\"font-size:16px;line-height:20px;color:#111111;\">B\u01af\u1edaC 2<\/h3><\/div> <!-- header --><div class=\"porto-sicon-description\" style=\"font-size:16px;line-height:20px;color:#111111;\">Ch\u1ecdn s\u1ea3n ph\u1ea9m v\u00e0 ti\u1ebfn h\u00e0nh \u0110\u1eb7t h\u00e0ng<\/div> <!-- description --><\/div> <!-- porto-sicon-box --><div class=\"porto-sicon-box  vc_custom_1594624564667 style_1 default-icon flex-wrap\"><div class=\"porto-sicon-default\"><div id=\"porto-icon-34417364469decb2895ce7\" class=\"porto-just-icon-wrapper\" style=\"text-align:center;\">\n<div class=\"porto-sicon-img \" style=\"display:inline-block;font-size: 44px;\" data-appear-animation=\"pulse\">\n\t<img class=\"img-icon\" alt=\"icon mua h\u00e0ng 1\" src=\"https:\/\/tanadaithanh.vn\/son-va-hoa-chat\/wp-content\/uploads\/sites\/6\/2020\/07\/b3.png\" width=\"88\" height=\"88\" \/>\n<\/div><\/div><\/div><div class=\"porto-sicon-header\" ><h3 class=\"porto-sicon-title\" style=\"font-size:16px;line-height:20px;color:#111111;\">B\u01af\u1edaC 3<\/h3><\/div> <!-- header --><div class=\"porto-sicon-description\" style=\"font-size:16px;line-height:20px;color:#111111;\">X\u00e1c nh\u1eadn mua h\u00e0ng<\/div> <!-- description --><\/div> <!-- porto-sicon-box --><div class=\"porto-sicon-box  vc_custom_1594624593087 style_1 default-icon flex-wrap\"><div class=\"porto-sicon-default\"><div id=\"porto-icon-94716063869decb2896221\" class=\"porto-just-icon-wrapper\" style=\"text-align:center;\">\n<div class=\"porto-sicon-img \" style=\"display:inline-block;font-size: 44px;\" data-appear-animation=\"pulse\">\n\t<img class=\"img-icon\" alt=\"icon \u0111\u1eb7t h\u00e0ng\" src=\"https:\/\/tanadaithanh.vn\/son-va-hoa-chat\/wp-content\/uploads\/sites\/6\/2020\/07\/b4.png\" width=\"88\" height=\"88\" \/>\n<\/div><\/div><\/div><div class=\"porto-sicon-header\" ><h3 class=\"porto-sicon-title\" style=\"font-size:16px;line-height:20px;color:#111111;\">B\u01af\u1edaC 4<\/h3><\/div> <!-- header --><div class=\"porto-sicon-description\" style=\"font-size:16px;line-height:20px;color:#111111;\">Ch\u1edd giao h\u00e0ng &amp; Thanh to\u00e1n<\/div> <!-- description --><\/div> <!-- porto-sicon-box -->[vc_images_carousel images=&#8221;4158,4159,4886,4161&#8243; img_size=&#8221;full&#8221; onclick=&#8221;custom_link&#8221; custom_links_target=&#8221;_blank&#8221; slides_per_view=&#8221;4&#8243; hide_pagination_control=&#8221;yes&#8221; hide_prev_next_buttons=&#8221;yes&#8221; el_class=&#8221;tu_van_img_carousel&#8221; custom_links=&#8221;#E-8_aHR0cHMlM0ElMkYlMkZ0YW5hb25saW5lLnZuJTJDaHR0cHMlM0ElMkYlMkZ3d3cuZmFjZWJvb2suY29tJTJGVGFwRG9hblRhbkFEYWlUaGFuaCUyRiUyQ2h0dHBzJTNBJTJGJTJGdGlraS52biUyRmN1YS1oYW5nJTJGdGFuLWEtZGFpLXRoYW5oLXNob3AlMkNodHRwcyUzQSUyRiUyRnd3dy5sYXphZGEudm4lMkZzaG9wJTJGc2hvcC10YW4tYS1kYWktdGhhbmglMkY=&#8221;][vc_custom_heading text=&#8221;Mua h\u00e0ng t\u1ea1i c\u1eeda h\u00e0ng&#8221; font_container=&#8221;tag:div|font_size:20px|text_align:left|color:%23111111|line_height:25px&#8221; text_transform=&#8221;text-capitalize&#8221; font_weight=&#8221;600&#8243; css=&#8221;.vc_custom_1594623523732{margin-bottom: 38px !important;}&#8221; animation_type=&#8221;bounceIn&#8221;]<div class=\"porto-sicon-box  vc_custom_1594625006805 style_1 default-icon flex-wrap\"><div class=\"porto-sicon-default\"><div id=\"porto-icon-29130022169decb2896758\" class=\"porto-just-icon-wrapper\" style=\"text-align:center;\">\n<div class=\"porto-sicon-img \" style=\"display:inline-block;font-size: 44px;\" data-appear-animation=\"pulse\">\n\t<img class=\"img-icon\" alt=\"icon mhtch-b1\" src=\"https:\/\/tanadaithanh.vn\/son-va-hoa-chat\/wp-content\/uploads\/sites\/6\/2020\/07\/mhtch-b1.png\" width=\"88\" height=\"88\" \/>\n<\/div><\/div><\/div><div class=\"porto-sicon-header\" ><h3 class=\"porto-sicon-title\" style=\"font-size:16px;line-height:20px;color:#111111;\">B\u01af\u1edaC 1<\/h3><\/div> <!-- header --><div class=\"porto-sicon-description\" style=\"font-size:16px;line-height:20px;color:#111111;\">Truy c\u1eadp <a href=\"https:\/\/tanadaithanh.vn\/son-va-hoa-chat\/he-thong-phan-phoi\">H\u1ec7 th\u1ed1ng ph\u00e2n ph\u1ed1i<\/a><\/div> <!-- description --><\/div> <!-- porto-sicon-box --><div class=\"porto-sicon-box  vc_custom_1594625025688 style_1 default-icon flex-wrap\"><div class=\"porto-sicon-default\"><div id=\"porto-icon-197765745169decb2896ca1\" class=\"porto-just-icon-wrapper\" style=\"text-align:center;\">\n<div class=\"porto-sicon-img \" style=\"display:inline-block;font-size: 44px;\" data-appear-animation=\"pulse\">\n\t<img class=\"img-icon\" alt=\"icon mhtch-b3\" src=\"https:\/\/tanadaithanh.vn\/son-va-hoa-chat\/wp-content\/uploads\/sites\/6\/2020\/07\/mhtch-b2.png\" width=\"88\" height=\"88\" \/>\n<\/div><\/div><\/div><div class=\"porto-sicon-header\" ><h3 class=\"porto-sicon-title\" style=\"font-size:16px;line-height:20px;color:#111111;\">B\u01af\u1edaC 2<\/h3><\/div> <!-- header --><div class=\"porto-sicon-description\" style=\"font-size:16px;line-height:20px;color:#111111;\">T\u00ecm ki\u1ebfm \u0111\u1ecba ch\u1ec9 g\u1ea7n nh\u1ea5t<\/div> <!-- description --><\/div> <!-- porto-sicon-box --><div class=\"porto-sicon-box  vc_custom_1594625064195 style_1 default-icon flex-wrap\"><div class=\"porto-sicon-default\"><div id=\"porto-icon-29207128969decb28971cc\" class=\"porto-just-icon-wrapper\" style=\"text-align:center;\">\n<div class=\"porto-sicon-img \" style=\"display:inline-block;font-size: 44px;\" >\n\t<img class=\"img-icon\" alt=\"icon mhtch-b3\" src=\"https:\/\/tanadaithanh.vn\/son-va-hoa-chat\/wp-content\/uploads\/sites\/6\/2020\/07\/mhtch-b3.png\" width=\"88\" height=\"88\" \/>\n<\/div><\/div><\/div><div class=\"porto-sicon-header\" ><h3 class=\"porto-sicon-title\" style=\"font-size:16px;line-height:20px;color:#111111;\">B\u01af\u1edaC 3<\/h3><\/div> <!-- header --><div class=\"porto-sicon-description\" style=\"font-size:16px;line-height:20px;color:#111111;\">\u0110\u1ebfn c\u1eeda h\u00e0ng &amp; mua h\u00e0ng<\/div> <!-- description --><\/div> <!-- porto-sicon-box -->[\/vc_column_inner][\/vc_row_inner][\/vc_column][\/vc_row]<\/p>\n","protected":false},"excerpt":{"rendered":"<p>[vc_row full_width=&#8221;stretch_row_content_no_spaces&#8221; css=&#8221;.vc_custom_1594278676277{margin-bottom: 61px !important;}&#8221;][vc_column][vc_single_image image=&#8221;5379&#8243; alignment=&#8221;center&#8221; style=&#8221;vc_box_rounded&#8221; animation_type=&#8221;shake&#8221; label=&#8221;&#8221;][\/vc_column][\/vc_row][vc_row][vc_column offset=&#8221;vc_col-lg-offset-1 vc_col-lg-10 vc_col-md-offset-0 vc_col-md-12&#8243;][vc_custom_heading text=&#8221;T\u01b0 v\u1ea5n v\u00e0 h\u01b0\u1edbng d\u1eabn mua h\u00e0ng&#8221; font_container=&#8221;tag:h2|font_size:45px|text_align:center|color:%231d3d6f|line_height:50px&#8221; text_transform=&#8221;text-uppercase&#8221; font_weight=&#8221;400&#8243; css=&#8221;.vc_custom_1595911759983{margin-bottom: 70px !important;}&#8221;][vc_row_inner][vc_column_inner el_class=&#8221;tu_van_col_left&#8221; width=&#8221;1\/2&#8243; css=&#8221;.vc_custom_1594326829349{margin-bottom: 40px !important;}&#8221;][vc_custom_heading text=&#8221;T\u01b0 v\u1ea5n&#8221; font_container=&#8221;tag:div|font_size:28px|text_align:left|color:%231d3d6f|line_height:35px&#8221; text_transform=&#8221;text-uppercase&#8221; font_weight=&#8221;100&#8243; el_class=&#8221;tu_van_title&#8221;][vc_custom_heading text=&#8221;G\u1ecdi tr\u1ef1c ti\u1ebfp \u0111\u1ebfn T\u1ed5ng \u0111\u00e0i ho\u1eb7c Hotline:&#8221; font_container=&#8221;tag:div|font_size:20px|text_align:left|color:%23111111|line_height:25px&#8221; font_weight=&#8221;600&#8243; css=&#8221;.vc_custom_1594626343000{margin-bottom: 18px !important;}&#8221; animation_type=&#8221;bounceIn&#8221;][vc_raw_html css=&#8221;.vc_custom_1594321990075{margin-bottom: 38px !important;}&#8221;]JTNDZGl2JTIwY2xhc3MlM0QlMjJnb2ktaG90LWxpbmUlMjIlM0UlMEElMjAlMjAlMjAlMjAlM0NhJTIwJTIwaHJlZiUzRCUyMnRlbCUzQTE5MDA2MDg2JTIyJTIwY2xhc3MlM0QlMjJ0dl9waG9uZV9idHQlMjIlM0UlMEElMjAlMjAlMjAlMjAlMjAlMjAlMjAlMjAlM0NpJTIwY2xhc3MlM0QlMjJwb3J0by1pY29uLXBob25lJTIyJTNFJTNDJTJGaSUzRSUyMDE5MDAlMjA2MDg2JTBBJTIwJTIwJTIwJTIwJTNDJTJGYSUzRSUwQSUyMCUyMCUyMCUyMCUzQ2ElMjAlMjBocmVmJTNEJTIydGVsJTNBMDk4Njg2ODY4NSUyMiUyMGNsYXNzJTNEJTIydHZfcGhvbmVfYnR0JTIyJTNFJTBBJTIwJTIwJTIwJTIwJTIwJTIwJTIwJTIwJTNDaSUyMGNsYXNzJTNEJTIycG9ydG8taWNvbi1waG9uZSUyMiUzRSUzQyUyRmklM0UlMjAwOTg2JTIwODYlMjA4NiUyMDg1JTBBJTIwJTIwJTIwJTIwJTNDJTJGYSUzRSUwQSUzQyUyRmRpdiUzRQ==[\/vc_raw_html][vc_custom_heading [&hellip;]<\/p>\n","protected":false},"author":1,"featured_media":3348,"parent":0,"menu_order":16,"comment_status":"closed","ping_status":"closed","template":"","meta":[],"_links":{"self":[{"href":"https:\/\/tanadaithanh.vn\/son-va-hoa-chat\/wp-json\/wp\/v2\/pages\/73"}],"collection":[{"href":"https:\/\/tanadaithanh.vn\/son-va-hoa-chat\/wp-json\/wp\/v2\/pages"}],"about":[{"href":"https:\/\/tanadaithanh.vn\/son-va-hoa-chat\/wp-json\/wp\/v2\/types\/page"}],"author":[{"embeddable":true,"href":"https:\/\/tanadaithanh.vn\/son-va-hoa-chat\/wp-json\/wp\/v2\/users\/1"}],"replies":[{"embeddable":true,"href":"https:\/\/tanadaithanh.vn\/son-va-hoa-chat\/wp-json\/wp\/v2\/comments?post=73"}],"version-history":[{"count":65,"href":"https:\/\/tanadaithanh.vn\/son-va-hoa-chat\/wp-json\/wp\/v2\/pages\/73\/revisions"}],"predecessor-version":[{"id":5381,"href":"https:\/\/tanadaithanh.vn\/son-va-hoa-chat\/wp-json\/wp\/v2\/pages\/73\/revisions\/5381"}],"wp:featuredmedia":[{"embeddable":true,"href":"https:\/\/tanadaithanh.vn\/son-va-hoa-chat\/wp-json\/wp\/v2\/media\/3348"}],"wp:attachment":[{"href":"https:\/\/tanadaithanh.vn\/son-va-hoa-chat\/wp-json\/wp\/v2\/media?parent=73"}],"curies":[{"name":"wp","href":"https:\/\/api.w.org\/{rel}","templated":true}]}}